{"id":570,"date":"2021-12-28T19:15:52","date_gmt":"2021-12-28T17:15:52","guid":{"rendered":"https:\/\/metsaluige.ee\/?page_id=570"},"modified":"2026-03-23T11:10:34","modified_gmt":"2026-03-23T09:10:34","slug":"cafe-restaurant","status":"publish","type":"page","link":"https:\/\/metsaluige.ee\/en\/cafe-restaurant\/","title":{"rendered":"Cafe\/Restaurant"},"content":{"rendered":"<div class=\"wpb-content-wrapper\">[vc_row][vc_column][vc_empty_space][\/vc_column][\/vc_row][vc_row fullwidth=&#8221;true&#8221; fullwidth_content=&#8221;false&#8221; equal_columns=&#8221;true&#8221; css=&#8221;.vc_custom_1626693020880{padding-top: 3rem !important;padding-bottom: 3rem !important;}&#8221; el_class=&#8221;vertical-middle&#8221;][vc_column width=&#8221;1\/2&#8243;][vc_column_text margin_bottom=&#8221;0&#8243; css=&#8221;.vc_custom_1774257027029{margin-bottom: 0px !important;}&#8221;]\n<h1 style=\"text-align: center;\">Cafe &#8211; restaurant<\/h1>\n<p>&nbsp;<\/p>\n<p style=\"text-align: center;\" data-start=\"0\" data-end=\"56\"><strong data-start=\"0\" data-end=\"56\">Closed for the winter season until May, 2026.<\/strong><\/p>\n<p style=\"text-align: center;\" data-start=\"58\" data-end=\"160\">We are available year-round for <span style=\"color: #00ccff;\"><a style=\"color: #00ccff;\" href=\"https:\/\/metsaluige.ee\/en\/seminar-rooms\/\" target=\"_blank\" rel=\"noopener\"><strong data-start=\"90\" data-end=\"108\">private events<\/strong><\/a><\/span>, offering a <strong data-start=\"121\" data-end=\"159\">venue, catering, and accommodation<\/strong>.<\/p>\n<p style=\"text-align: center;\" data-start=\"162\" data-end=\"242\" data-is-last-node=\"\" data-is-only-node=\"\"><strong data-start=\"162\" data-end=\"177\">Group menus<\/strong> are available for pre-booked events starting from <strong data-start=\"228\" data-end=\"241\">15 guests<\/strong>.<\/p>\n<p style=\"text-align: center;\"><span style=\"color: #000000;\">Birthdays, seminars, weddings, etc. are very welcome!<br \/>\nTo order, feel free to contact<strong> <a href=\"mailto:info@metsaluige.ee\"><span style=\"color: #00ccff;\">info@metsaluige.ee<\/span><\/a><\/strong> or by phone: + 372 5333 5799<\/span><\/p>\n<p class=\"western\">House with a thatched roof, standing stately, surrounded by the power of nature \u2013 delectable casserole on the stove, delicious meat baked in the oven, bread on the table! Lovely moments just like those are always with you while you are at Metsaluige!<\/p>\n<p class=\"western\"><a name=\"tw-target-text\"><\/a>Whenever you need vitamin pause, refreshing lunch for your colleques, <span lang=\"en-US\">wake up coffee in the morning for your friends or wedding menu for you loved ones \u2013 just ask! <\/span>We will serve you the best flavors for your important event! In our a la carte menu you will find different toothsome foods for every age.<\/p>\n<p class=\"western\" style=\"text-align: center;\"><strong>And the best part is that our \u201eHome of events\u201d is ready for the events!<br \/>\n<\/strong><strong>Seats for 80, room for dance and privacy \u2013 sounds great?!<\/strong><\/p>\n[\/vc_column_text][\/vc_column][vc_column width=&#8221;1\/2&#8243;][mk_image src=&#8221;https:\/\/metsaluige.ee\/wp-content\/uploads\/2022\/04\/p1800127-1.jpg&#8221; image_height=&#8221;550&#8243;][\/vc_column][\/vc_row][vc_row][vc_column width=&#8221;1\/2&#8243;][vc_single_image image=&#8221;2072&#8243; img_size=&#8221;large&#8221; css=&#8221;&#8221;][\/vc_column][vc_column width=&#8221;1\/2&#8243;][vc_single_image image=&#8221;2074&#8243; img_size=&#8221;large&#8221; css=&#8221;&#8221;][\/vc_column][\/vc_row][vc_row][vc_column][vc_empty_space][\/vc_column][\/vc_row][vc_row][vc_column width=&#8221;1\/3&#8243;][vc_single_image image=&#8221;1897&#8243; img_size=&#8221;large&#8221; css=&#8221;&#8221;][\/vc_column][vc_column width=&#8221;1\/3&#8243;][vc_single_image image=&#8221;1901&#8243; img_size=&#8221;large&#8221; css=&#8221;&#8221;][\/vc_column][vc_column width=&#8221;1\/3&#8243;][vc_single_image image=&#8221;1899&#8243; img_size=&#8221;large&#8221; css=&#8221;&#8221;][\/vc_column][\/vc_row][vc_row][vc_column width=&#8221;1\/3&#8243;][mk_image src=&#8221;https:\/\/metsaluige.ee\/wp-content\/uploads\/2022\/08\/dsc02818-scaled.jpg&#8221; image_width=&#8221;850&#8243; image_height=&#8221;700&#8243;][\/vc_column][vc_column width=&#8221;1\/3&#8243;][mk_image src=&#8221;https:\/\/metsaluige.ee\/wp-content\/uploads\/2022\/06\/happiness-holiday-restaurant-visit-estonia.jpg&#8221; image_width=&#8221;850&#8243; image_height=&#8221;700&#8243;][\/vc_column][vc_column width=&#8221;1\/3&#8243;][mk_image src=&#8221;https:\/\/metsaluige.ee\/wp-content\/uploads\/2022\/08\/dsc02924-scaled.jpg&#8221; image_width=&#8221;850&#8243; image_height=&#8221;700&#8243;][\/vc_column][\/vc_row][vc_row][vc_column][vc_empty_space][\/vc_column][\/vc_row][vc_row][vc_column width=&#8221;1\/3&#8243;][mk_button dimension=&#8221;outline&#8221; size=&#8221;large&#8221; url=&#8221;https:\/\/metsaluige.ee\/contact&#8221; target=&#8221;_blank&#8221; align=&#8221;center&#8221;]Get in touch[\/mk_button][\/vc_column][vc_column width=&#8221;1\/3&#8243;][mk_button dimension=&#8221;outline&#8221; size=&#8221;large&#8221; url=&#8221;https:\/\/bouk.io\/booking\/metsaluige\/454\/rooms\/124?language=et&amp;adults=2&#8243; target=&#8221;_blank&#8221; align=&#8221;center&#8221;]Book accommodation[\/mk_button][\/vc_column][vc_column width=&#8221;1\/3&#8243;][mk_button dimension=&#8221;outline&#8221; size=&#8221;large&#8221; url=&#8221;https:\/\/metsaluige.ee\/en\/accommodation\/&#8221; target=&#8221;_blank&#8221; align=&#8221;center&#8221;]Accommodation[\/mk_button][\/vc_column][\/vc_row]\n<\/div>","protected":false},"excerpt":{"rendered":"<p>[vc_row][vc_column][vc_empty_space][\/vc_column][\/vc_row][vc_row fullwidth=&#8221;true&#8221; fullwidth_content=&#8221;false&#8221; equal_columns=&#8221;true&#8221; css=&#8221;.vc_custom_1626693020880{padding-top: 3rem !important;padding-bottom: 3rem !important;}&#8221; el_class=&#8221;vertical-middle&#8221;][vc_column width=&#8221;1\/2&#8243;][vc_column_text margin_bottom=&#8221;0&#8243; css=&#8221;.vc_custom_1774257027029{margin-bottom: 0px !important;}&#8221;] Cafe &#8211; restaurant &nbsp; Closed for the winter season until May, 2026. We are available year-round for private events, offering a venue, catering, and accommodation. Group menus are available for pre-booked events starting from 15 guests. Birthdays, seminars, weddings, etc. [&hellip;]<\/p>\n","protected":false},"author":2,"featured_media":0,"parent":0,"menu_order":0,"comment_status":"closed","ping_status":"closed","template":"","meta":{"_acf_changed":false,"rs_blank_template":"","rs_page_bg_color":"","slide_template_v7":"","_monsterinsights_skip_tracking":false,"_monsterinsights_sitenote_active":false,"_monsterinsights_sitenote_note":"","_monsterinsights_sitenote_category":0,"footnotes":""},"class_list":["post-570","page","type-page","status-publish","hentry"],"acf":[],"yoast_head":"<!-- This site is optimized with the Yoast SEO plugin v27.3 - https:\/\/yoast.com\/product\/yoast-seo-wordpress\/ -->\n<title>Cafe\/Restaurant &#8211; Metsaluige Turismitalu ja karavanipark<\/title>\n<meta name=\"description\" content=\"Cafe-restaurant has a cozy atmosphere and tasting trips for both children and adults. Big groups or chance to be romantic.\" \/>\n<meta name=\"robots\" content=\"index, follow, max-snippet:-1, max-image-preview:large, max-video-preview:-1\" \/>\n<link rel=\"canonical\" href=\"https:\/\/metsaluige.ee\/en\/cafe-restaurant\/\" \/>\n<meta property=\"og:locale\" content=\"en_US\" \/>\n<meta property=\"og:type\" content=\"article\" \/>\n<meta property=\"og:title\" content=\"Cafe\/Restaurant &#8211; Metsaluige Turismitalu ja karavanipark\" \/>\n<meta property=\"og:description\" content=\"Cafe-restaurant has a cozy atmosphere and tasting trips for both children and adults. Big groups or chance to be romantic.\" \/>\n<meta property=\"og:url\" content=\"https:\/\/metsaluige.ee\/en\/cafe-restaurant\/\" \/>\n<meta property=\"og:site_name\" content=\"Metsaluige Turismitalu ja karavanipark\" \/>\n<meta property=\"article:publisher\" content=\"https:\/\/www.facebook.com\/metsaluige\/\" \/>\n<meta property=\"article:modified_time\" content=\"2026-03-23T09:10:34+00:00\" \/>\n<meta name=\"twitter:card\" content=\"summary_large_image\" \/>\n<meta name=\"twitter:label1\" content=\"Est. reading time\" \/>\n\t<meta name=\"twitter:data1\" content=\"2 minutes\" \/>\n<script type=\"application\/ld+json\" class=\"yoast-schema-graph\">{\"@context\":\"https:\\\/\\\/schema.org\",\"@graph\":[{\"@type\":\"WebPage\",\"@id\":\"https:\\\/\\\/metsaluige.ee\\\/en\\\/cafe-restaurant\\\/\",\"url\":\"https:\\\/\\\/metsaluige.ee\\\/en\\\/cafe-restaurant\\\/\",\"name\":\"Cafe\\\/Restaurant &#8211; Metsaluige Turismitalu ja karavanipark\",\"isPartOf\":{\"@id\":\"https:\\\/\\\/www.metsaluige.ee\\\/en\\\/#website\"},\"datePublished\":\"2021-12-28T17:15:52+00:00\",\"dateModified\":\"2026-03-23T09:10:34+00:00\",\"description\":\"Cafe-restaurant has a cozy atmosphere and tasting trips for both children and adults. Big groups or chance to be romantic.\",\"breadcrumb\":{\"@id\":\"https:\\\/\\\/metsaluige.ee\\\/en\\\/cafe-restaurant\\\/#breadcrumb\"},\"inLanguage\":\"en-US\",\"potentialAction\":[{\"@type\":\"ReadAction\",\"target\":[\"https:\\\/\\\/metsaluige.ee\\\/en\\\/cafe-restaurant\\\/\"]}]},{\"@type\":\"BreadcrumbList\",\"@id\":\"https:\\\/\\\/metsaluige.ee\\\/en\\\/cafe-restaurant\\\/#breadcrumb\",\"itemListElement\":[{\"@type\":\"ListItem\",\"position\":1,\"name\":\"Avaleht\",\"item\":\"https:\\\/\\\/www.metsaluige.ee\\\/en\\\/\"},{\"@type\":\"ListItem\",\"position\":2,\"name\":\"Cafe\\\/Restaurant\"}]},{\"@type\":\"WebSite\",\"@id\":\"https:\\\/\\\/www.metsaluige.ee\\\/en\\\/#website\",\"url\":\"https:\\\/\\\/www.metsaluige.ee\\\/en\\\/\",\"name\":\"Metsaluige Turismitalu ja karavanipark\",\"description\":\"Puhkus mere \u00e4\u00e4res P\u00e4rnumaal\",\"publisher\":{\"@id\":\"https:\\\/\\\/www.metsaluige.ee\\\/en\\\/#organization\"},\"potentialAction\":[{\"@type\":\"SearchAction\",\"target\":{\"@type\":\"EntryPoint\",\"urlTemplate\":\"https:\\\/\\\/www.metsaluige.ee\\\/en\\\/?s={search_term_string}\"},\"query-input\":{\"@type\":\"PropertyValueSpecification\",\"valueRequired\":true,\"valueName\":\"search_term_string\"}}],\"inLanguage\":\"en-US\"},{\"@type\":\"Organization\",\"@id\":\"https:\\\/\\\/www.metsaluige.ee\\\/en\\\/#organization\",\"name\":\"Metsaluige k\u00e4mping ja karavanipark\",\"url\":\"https:\\\/\\\/www.metsaluige.ee\\\/en\\\/\",\"logo\":{\"@type\":\"ImageObject\",\"inLanguage\":\"en-US\",\"@id\":\"https:\\\/\\\/www.metsaluige.ee\\\/en\\\/#\\\/schema\\\/logo\\\/image\\\/\",\"url\":\"https:\\\/\\\/metsaluige.ee\\\/wp-content\\\/uploads\\\/2020\\\/06\\\/luik.png\",\"contentUrl\":\"https:\\\/\\\/metsaluige.ee\\\/wp-content\\\/uploads\\\/2020\\\/06\\\/luik.png\",\"width\":1920,\"height\":1239,\"caption\":\"Metsaluige k\u00e4mping ja karavanipark\"},\"image\":{\"@id\":\"https:\\\/\\\/www.metsaluige.ee\\\/en\\\/#\\\/schema\\\/logo\\\/image\\\/\"},\"sameAs\":[\"https:\\\/\\\/www.facebook.com\\\/metsaluige\\\/\"]}]}<\/script>\n<!-- \/ Yoast SEO plugin. -->","yoast_head_json":{"title":"Cafe\/Restaurant &#8211; Metsaluige Turismitalu ja karavanipark","description":"Cafe-restaurant has a cozy atmosphere and tasting trips for both children and adults. Big groups or chance to be romantic.","robots":{"index":"index","follow":"follow","max-snippet":"max-snippet:-1","max-image-preview":"max-image-preview:large","max-video-preview":"max-video-preview:-1"},"canonical":"https:\/\/metsaluige.ee\/en\/cafe-restaurant\/","og_locale":"en_US","og_type":"article","og_title":"Cafe\/Restaurant &#8211; Metsaluige Turismitalu ja karavanipark","og_description":"Cafe-restaurant has a cozy atmosphere and tasting trips for both children and adults. Big groups or chance to be romantic.","og_url":"https:\/\/metsaluige.ee\/en\/cafe-restaurant\/","og_site_name":"Metsaluige Turismitalu ja karavanipark","article_publisher":"https:\/\/www.facebook.com\/metsaluige\/","article_modified_time":"2026-03-23T09:10:34+00:00","twitter_card":"summary_large_image","twitter_misc":{"Est. reading time":"2 minutes"},"schema":{"@context":"https:\/\/schema.org","@graph":[{"@type":"WebPage","@id":"https:\/\/metsaluige.ee\/en\/cafe-restaurant\/","url":"https:\/\/metsaluige.ee\/en\/cafe-restaurant\/","name":"Cafe\/Restaurant &#8211; Metsaluige Turismitalu ja karavanipark","isPartOf":{"@id":"https:\/\/www.metsaluige.ee\/en\/#website"},"datePublished":"2021-12-28T17:15:52+00:00","dateModified":"2026-03-23T09:10:34+00:00","description":"Cafe-restaurant has a cozy atmosphere and tasting trips for both children and adults. Big groups or chance to be romantic.","breadcrumb":{"@id":"https:\/\/metsaluige.ee\/en\/cafe-restaurant\/#breadcrumb"},"inLanguage":"en-US","potentialAction":[{"@type":"ReadAction","target":["https:\/\/metsaluige.ee\/en\/cafe-restaurant\/"]}]},{"@type":"BreadcrumbList","@id":"https:\/\/metsaluige.ee\/en\/cafe-restaurant\/#breadcrumb","itemListElement":[{"@type":"ListItem","position":1,"name":"Avaleht","item":"https:\/\/www.metsaluige.ee\/en\/"},{"@type":"ListItem","position":2,"name":"Cafe\/Restaurant"}]},{"@type":"WebSite","@id":"https:\/\/www.metsaluige.ee\/en\/#website","url":"https:\/\/www.metsaluige.ee\/en\/","name":"Metsaluige Turismitalu ja karavanipark","description":"Puhkus mere \u00e4\u00e4res P\u00e4rnumaal","publisher":{"@id":"https:\/\/www.metsaluige.ee\/en\/#organization"},"potentialAction":[{"@type":"SearchAction","target":{"@type":"EntryPoint","urlTemplate":"https:\/\/www.metsaluige.ee\/en\/?s={search_term_string}"},"query-input":{"@type":"PropertyValueSpecification","valueRequired":true,"valueName":"search_term_string"}}],"inLanguage":"en-US"},{"@type":"Organization","@id":"https:\/\/www.metsaluige.ee\/en\/#organization","name":"Metsaluige k\u00e4mping ja karavanipark","url":"https:\/\/www.metsaluige.ee\/en\/","logo":{"@type":"ImageObject","inLanguage":"en-US","@id":"https:\/\/www.metsaluige.ee\/en\/#\/schema\/logo\/image\/","url":"https:\/\/metsaluige.ee\/wp-content\/uploads\/2020\/06\/luik.png","contentUrl":"https:\/\/metsaluige.ee\/wp-content\/uploads\/2020\/06\/luik.png","width":1920,"height":1239,"caption":"Metsaluige k\u00e4mping ja karavanipark"},"image":{"@id":"https:\/\/www.metsaluige.ee\/en\/#\/schema\/logo\/image\/"},"sameAs":["https:\/\/www.facebook.com\/metsaluige\/"]}]}},"_links":{"self":[{"href":"https:\/\/metsaluige.ee\/en\/wp-json\/wp\/v2\/pages\/570","targetHints":{"allow":["GET"]}}],"collection":[{"href":"https:\/\/metsaluige.ee\/en\/wp-json\/wp\/v2\/pages"}],"about":[{"href":"https:\/\/metsaluige.ee\/en\/wp-json\/wp\/v2\/types\/page"}],"author":[{"embeddable":true,"href":"https:\/\/metsaluige.ee\/en\/wp-json\/wp\/v2\/users\/2"}],"replies":[{"embeddable":true,"href":"https:\/\/metsaluige.ee\/en\/wp-json\/wp\/v2\/comments?post=570"}],"version-history":[{"count":5,"href":"https:\/\/metsaluige.ee\/en\/wp-json\/wp\/v2\/pages\/570\/revisions"}],"predecessor-version":[{"id":2434,"href":"https:\/\/metsaluige.ee\/en\/wp-json\/wp\/v2\/pages\/570\/revisions\/2434"}],"wp:attachment":[{"href":"https:\/\/metsaluige.ee\/en\/wp-json\/wp\/v2\/media?parent=570"}],"curies":[{"name":"wp","href":"https:\/\/api.w.org\/{rel}","templated":true}]}}