{"id":383,"date":"2020-06-11T08:52:30","date_gmt":"2020-06-11T06:52:30","guid":{"rendered":"https:\/\/metsaluige.ee\/metsaluige\/"},"modified":"2026-03-30T13:39:04","modified_gmt":"2026-03-30T11:39:04","slug":"metsaluige","status":"publish","type":"page","link":"https:\/\/metsaluige.ee\/en\/","title":{"rendered":"Metsaluige"},"content":{"rendered":"<div class=\"wpb-content-wrapper\">[vc_row][vc_column]\n\t\t\t\t<p class=\"rs-p-wp-fix\"><\/p>\n\t\t\t\t<sr7-module data-alias=\"avalehe-slaider-est-1\" data-id=\"2\" id=\"SR7_2_1\" data-version=\"7.0.5.1\">\n\t\t\t\t\t<sr7-adjuster><\/sr7-adjuster>\n\t\t\t\t\t<sr7-content>\n\t\t\t\t\t\t<sr7-slide id=\"SR7_2_1-5\" data-key=\"5\">\n\t\t\t\t\t\t\t<sr7-bg id=\"SR7_2_1-5-1\" class=\"sr7-layer\"><noscript><img decoding=\"async\" src=\"https:\/\/metsaluige.ee\/wp-content\/uploads\/2020\/06\/dji_0424-scaled.jpg\" alt=\"\" title=\"dji_0424\"><\/noscript><\/sr7-bg>\n\t\t\t\t\t\t<\/sr7-slide>\n\t\t\t\t\t\t<sr7-slide id=\"SR7_2_1-6\" data-key=\"6\">\n\t\t\t\t\t\t\t<sr7-bg id=\"SR7_2_1-6-1\" class=\"sr7-layer\"><noscript><img decoding=\"async\" src=\"https:\/\/metsaluige.ee\/wp-content\/uploads\/2020\/06\/p1622019-pano-scaled.jpg\" alt=\"\" title=\"p1622019-pano\"><\/noscript><\/sr7-bg>\n\t\t\t\t\t\t<\/sr7-slide>\n\t\t\t\t\t\t<sr7-slide id=\"SR7_2_1-7\" data-key=\"7\">\n\t\t\t\t\t\t\t<sr7-bg id=\"SR7_2_1-7-1\" class=\"sr7-layer\"><noscript><img decoding=\"async\" src=\"https:\/\/metsaluige.ee\/wp-content\/uploads\/2020\/06\/dji_0446-scaled.jpg\" alt=\"\" title=\"dji_0446\"><\/noscript><\/sr7-bg>\n\t\t\t\t\t\t<\/sr7-slide>\n\t\t\t\t\t\t<sr7-slide id=\"SR7_2_1-8\" data-key=\"8\">\n\t\t\t\t\t\t\t<sr7-bg id=\"SR7_2_1-8-1\" class=\"sr7-layer\"><noscript><img decoding=\"async\" src=\"https:\/\/metsaluige.ee\/wp-content\/uploads\/2020\/06\/p1611925-scaled.jpg\" alt=\"\" title=\"p1611925\"><\/noscript><\/sr7-bg>\n\t\t\t\t\t\t<\/sr7-slide>\n\t\t\t\t\t\t<sr7-slide id=\"SR7_2_1-11\" data-key=\"11\">\n\t\t\t\t\t\t\t<sr7-bg id=\"SR7_2_1-11-1\" class=\"sr7-layer\"><noscript><img decoding=\"async\" src=\"https:\/\/metsaluige.ee\/wp-content\/uploads\/2021\/07\/p1822502-min-scaled.jpg\" alt=\"\" title=\"p1822502-min\"><\/noscript><\/sr7-bg>\n\t\t\t\t\t\t<\/sr7-slide>\n\t\t\t\t\t\t<sr7-slide id=\"SR7_2_1-12\" data-key=\"12\">\n\t\t\t\t\t\t\t<sr7-bg id=\"SR7_2_1-12-1\" class=\"sr7-layer\"><noscript><img decoding=\"async\" src=\"https:\/\/metsaluige.ee\/wp-content\/uploads\/2021\/07\/p1822641-min-scaled.jpg\" alt=\"\" title=\"p1822641-min\"><\/noscript><\/sr7-bg>\n\t\t\t\t\t\t<\/sr7-slide>\n\t\t\t\t\t\t<sr7-slide id=\"SR7_2_1-15\" data-key=\"15\">\n\t\t\t\t\t\t\t<sr7-txt id=\"SR7_2_1-15-7\" class=\"sr7-layer\">Metsaluige holiday house and caravan park is open all year round!<br \/>\nBookings: +372 5333 5799 or info@metsaluige.ee<\/sr7-txt>\n\t\t\t\t\t\t<\/sr7-slide>\n\t\t\t\t\t<\/sr7-content>\n\t\t\t\t\t<image_lists style=\"display:none\">\n\t\t\t\t\t\t<img data-src=\"\/\/metsaluige.ee\/wp-content\/uploads\/2020\/06\/dji_0424-scaled.jpg\" data-libid=\"173\" data-lib=\"medialibrary\" title=\"dji_0424\" width=\"0\" height=\"0\" data-dbsrc=\"Ly9tZXRzYWx1aWdlLmVlL3dwLWNvbnRlbnQvdXBsb2Fkcy8yMDIwLzA2L2RqaV8wNDI0LXNjYWxlZC5qcGc=\"\/>\n\t\t\t\t\t\t<img data-src=\"\/\/metsaluige.ee\/wp-content\/uploads\/2020\/06\/p1622019-pano-scaled.jpg\" data-libid=\"174\" data-lib=\"medialibrary\" title=\"p1622019-pano\" width=\"0\" height=\"0\" data-dbsrc=\"Ly9tZXRzYWx1aWdlLmVlL3dwLWNvbnRlbnQvdXBsb2Fkcy8yMDIwLzA2L3AxNjIyMDE5LXBhbm8tc2NhbGVkLmpwZw==\"\/>\n\t\t\t\t\t\t<img data-src=\"\/\/metsaluige.ee\/wp-content\/uploads\/2020\/06\/dji_0446-scaled.jpg\" data-libid=\"172\" data-lib=\"medialibrary\" title=\"dji_0446\" width=\"0\" height=\"0\" data-dbsrc=\"Ly9tZXRzYWx1aWdlLmVlL3dwLWNvbnRlbnQvdXBsb2Fkcy8yMDIwLzA2L2RqaV8wNDQ2LXNjYWxlZC5qcGc=\"\/>\n\t\t\t\t\t\t<img data-src=\"\/\/metsaluige.ee\/wp-content\/uploads\/2020\/06\/p1611925-scaled.jpg\" data-libid=\"175\" data-lib=\"medialibrary\" title=\"p1611925\" width=\"0\" height=\"0\" data-dbsrc=\"Ly9tZXRzYWx1aWdlLmVlL3dwLWNvbnRlbnQvdXBsb2Fkcy8yMDIwLzA2L3AxNjExOTI1LXNjYWxlZC5qcGc=\"\/>\n\t\t\t\t\t\t<img data-src=\"\/\/metsaluige.ee\/wp-content\/uploads\/2021\/07\/p1822502-min-scaled.jpg\" data-libid=\"463\" data-lib=\"medialibrary\" title=\"p1822502-min\" width=\"0\" height=\"0\" data-dbsrc=\"Ly9tZXRzYWx1aWdlLmVlL3dwLWNvbnRlbnQvdXBsb2Fkcy8yMDIxLzA3L3AxODIyNTAyLW1pbi1zY2FsZWQuanBn\"\/>\n\t\t\t\t\t\t<img data-src=\"\/\/metsaluige.ee\/wp-content\/uploads\/2021\/07\/p1822641-min-scaled.jpg\" data-libid=\"475\" data-lib=\"medialibrary\" title=\"p1822641-min\" width=\"0\" height=\"0\" data-dbsrc=\"Ly9tZXRzYWx1aWdlLmVlL3dwLWNvbnRlbnQvdXBsb2Fkcy8yMDIxLzA3L3AxODIyNjQxLW1pbi1zY2FsZWQuanBn\"\/>\n\t\t\t\t\t<\/image_lists>\n\t\t\t\t<\/sr7-module>\n\t\t\t\t<script data-wcc=\"necessary\">\n\t\t\t\t\twindow.SR7??={}; SR7.PMH ??={}; SR7.PMH[\"SR7_2_1\"] = {cn:100,state:false,fn: function() { if (window._tpt!==undefined && window._tpt.prepareModuleHeight !== undefined) {  _tpt.prepareModuleHeight({id:\"SR7_2_1\",el:[700,700,700,700,720],type:'standard',gh:[700,700,700,700,720],gw:[1240,1240,1240,1240,480],vpt:['-200px&#039;,&#039;-200px&#039;,&#039;-200px&#039;,&#039;-200px&#039;,&#039;-200px'],size:{fullWidth:true, fullHeight:false},mh:'0',onh:0,onw:0,bg:{color:'{\"orig\":\"transparent\",\"type\":\"solid\",\"string\":\"transparent\"}'},plType:'0',plColor:'#FFFFFF'});   SR7.PMH[\"SR7_2_1\"].state=true;} else if(SR7.PMH[\"SR7_2_1\"].cn-->0)\tsetTimeout( SR7.PMH[\"SR7_2_1\"].fn,19);}};SR7.PMH[\"SR7_2_1\" ].fn();\n\t\t\t\t<\/script>\n[mk_button dimension=&#8221;double-outline&#8221; size=&#8221;medium&#8221; letter_spacing=&#8221;4&#8243; url=&#8221;https:\/\/bouk.io\/booking\/metsaluige\/454\/rooms\/124?language=en&amp;adults=2&#8243; target=&#8221;_blank&#8221; nofollow=&#8221;true&#8221; align=&#8221;center&#8221; button_custom_width=&#8221;0&#8243; margin_top=&#8221;55&#8243; margin_bottom=&#8221;15&#8243; margin_right=&#8221;15&#8243;]BOOK HERE[\/mk_button][\/vc_column][\/vc_row][vc_row fullwidth=&#8221;true&#8221; fullwidth_content=&#8221;false&#8221; equal_columns=&#8221;true&#8221; css=&#8221;.vc_custom_1591875928253{padding-top: 3rem !important;padding-bottom: 3rem !important;}&#8221; el_class=&#8221;vertical-middle&#8221;][vc_column width=&#8221;1\/2&#8243;][vc_column_text css=&#8221;.vc_custom_1659352724578{margin-bottom: 0px !important;}&#8221;]\n<h1>Vacation at Metsaluige, Kabli beach summer area, P\u00e4rnu County!<\/h1>\n<p>The day is always changing here &#8211; sometimes the beautiful morning light gilds the tops of the pines, sometimes they are ruffled by the treacherous wind. Sometimes the horizon embraces the setting sun, sometimes scarlet caresses the dewy grass.<\/p>\n<p>The best place for vacation is a place that has character, freedom, joy, simple being and time &#8211; to be together in this moment and with those whom you have created bonds in your heart!<\/p>\n<p>It&#8217;s always good to be at metsaluige, because strong oak logs surround the heart of the home &#8211; the main house &#8211; which houses the reception of the tourist farm, a 40-seat cafe and restaurant with a pleasant atmosphere, the menu of which has taste experiences for every season for both young and old. The indoor terrace surrounding the house is the favorite place of the guests, with a view over the wonderful spectacles of nature from the spacious windows. However, the centerpiece of summer events is the outdoor terrace, which with its foam of flowers invites you to get together and enjoy the serenades of summer evenings![\/vc_column_text][\/vc_column][vc_column width=&#8221;1\/2&#8243;][mk_image src=&#8221;https:\/\/metsaluige.ee\/wp-content\/uploads\/2020\/06\/p1611809-scaled.jpg&#8221; image_size=&#8221;full&#8221;][\/vc_column][\/vc_row][vc_row fullwidth=&#8221;true&#8221; fullwidth_content=&#8221;false&#8221; equal_columns=&#8221;true&#8221; css=&#8221;.vc_custom_1591875937859{padding-top: 3rem !important;padding-bottom: 3rem !important;background-color: #fcfcfc !important;}&#8221; el_class=&#8221;vertical-middle&#8221;][vc_column width=&#8221;1\/2&#8243; offset=&#8221;vc_hidden-sm vc_hidden-xs&#8221;][mk_image src=&#8221;https:\/\/metsaluige.ee\/wp-content\/uploads\/2020\/06\/dji_0445-scaled.jpg&#8221; image_size=&#8221;full&#8221; visibility=&#8221;hidden-sm&#8221;][\/vc_column][vc_column width=&#8221;1\/2&#8243;][vc_column_text css=&#8221;.vc_custom_1757579628230{margin-bottom: 0px !important;}&#8221;]\n<h2>Facilities<\/h2>\n<p>Cozy <a href=\"https:\/\/metsaluige.ee\/en\/accommodation\/log-house-cottages\/\" target=\"_blank\" rel=\"noopener\"><strong>log cabins<\/strong><\/a> and camping cabins await every tired vacationer, where you can spend great and refreshing moments alone, with friends, colleagues, or the whole family. Up to 50 people can be accommodated throughout the year. The log cabins have space for both two and up to five guests. The camping houses are suitable for a solo vacation, but there are also two-, three-, and four-person cabins.<\/p>\n<p>The houses are simple but comfortable &#8211; each of them has its own terrace and its own birth story. Shower and toilet facilities are in a separate building, the modern interior of which has all the necessary amenities &#8211; 9 showers and 9 toilets. In addition, 2 fully automatic washing machines and a dryer. There is a separate disabled toilet for wheelchair users.<\/p>\n<p>All holidaymakers with caravans are welcome, even 60 cars at once! There are electrified caravan sites and washing facilities for them. In the summer, the private pool area is also open, where 25 vacationers can comfortably enjoy the sun at the same time. Whether the summer is hot or moderately cool &#8211; the hot tub and the sauna rental option keep both soul and body warm.<\/p>\n<p>All great hikers with their own tent are also welcome, you too have everything you need for a pleasant stay! There are parking spaces and wifi for everyone![\/vc_column_text][mk_image src=&#8221;https:\/\/metsaluige.ee\/wp-content\/uploads\/2020\/06\/dji_0445-scaled.jpg&#8221; image_size=&#8221;full&#8221; visibility=&#8221;visible-sm&#8221;][\/vc_column][\/vc_row][vc_row fullwidth=&#8221;true&#8221; fullwidth_content=&#8221;false&#8221; equal_columns=&#8221;true&#8221; css=&#8221;.vc_custom_1591875933854{padding-top: 3rem !important;padding-bottom: 3rem !important;}&#8221; el_class=&#8221;vertical-middle&#8221;][vc_column width=&#8221;1\/2&#8243;][vc_column_text css=&#8221;.vc_custom_1659352843656{margin-bottom: 0px !important;}&#8221;]\n<h2>We protect nature and consume sustainably!<\/h2>\n<p>We value the natural environment and renewable energy &#8211; Metsaluige Turismalu and caravan park operates on the basis of solar energy and geothermal heating.<\/p>\n<p>The energy extracted from the ground is redirected to environmentally friendly geothermal heating, which does not generate smoke, soot, ash, dust, environmentally harmful gases or combustion residues when heated. The geothermal heating system is also safe for children, because the devices have no external components that could be dangerous for both pets and children. There are also no open flame combustion and other mechanically dangerous work cycles.<\/p>\n<p>Solar energy, or solar electricity production for a tourist farm is renewable, safe for the environment and provides an opportunity to reduce one&#8217;s natural footprint. In addition, energy production does not generate noise.<\/p>\n<p>When cleaning pool water, no chemicals are used, only salt, which helps to effectively eliminate bacteria, viruses and algae and is skin-friendly![\/vc_column_text][\/vc_column][vc_column width=&#8221;1\/2&#8243;][mk_image src=&#8221;https:\/\/metsaluige.ee\/wp-content\/uploads\/2022\/05\/main-house-visit-estonia-copy.jpg&#8221; image_size=&#8221;full&#8221;][\/vc_column][\/vc_row][vc_row][vc_column][vc_empty_space][mk_button dimension=&#8221;double-outline&#8221; size=&#8221;medium&#8221; letter_spacing=&#8221;4&#8243; url=&#8221;https:\/\/bouk.io\/booking\/metsaluige\/454\/rooms\/124?language=en&amp;adults=2&#8243; target=&#8221;_blank&#8221; nofollow=&#8221;true&#8221; align=&#8221;center&#8221; button_custom_width=&#8221;0&#8243; margin_top=&#8221;55&#8243; margin_bottom=&#8221;15&#8243; margin_right=&#8221;15&#8243;]BOOK HERE[\/mk_button][vc_empty_space][\/vc_column][\/vc_row][vc_row][vc_column][vc_video host=&#8221;self_hosted&#8221; mp4=&#8221;https:\/\/metsaluige.ee\/wp-content\/uploads\/Metsaluige.mp4&#8243;][\/vc_column][\/vc_row]\n<\/div>","protected":false},"excerpt":{"rendered":"<p>[vc_row][vc_column][mk_button dimension=&#8221;double-outline&#8221; size=&#8221;medium&#8221; letter_spacing=&#8221;4&#8243; url=&#8221;https:\/\/bouk.io\/booking\/metsaluige\/454\/rooms\/124?language=en&amp;adults=2&#8243; target=&#8221;_blank&#8221; nofollow=&#8221;true&#8221; align=&#8221;center&#8221; button_custom_width=&#8221;0&#8243; margin_top=&#8221;55&#8243; margin_bottom=&#8221;15&#8243; margin_right=&#8221;15&#8243;]BOOK HERE[\/mk_button][\/vc_column][\/vc_row][vc_row fullwidth=&#8221;true&#8221; fullwidth_content=&#8221;false&#8221; equal_columns=&#8221;true&#8221; css=&#8221;.vc_custom_1591875928253{padding-top: 3rem !important;padding-bottom: 3rem !important;}&#8221; el_class=&#8221;vertical-middle&#8221;][vc_column width=&#8221;1\/2&#8243;][vc_column_text css=&#8221;.vc_custom_1659352724578{margin-bottom: 0px !important;}&#8221;] Vacation at Metsaluige, Kabli beach summer area, P\u00e4rnu County! The day is always changing here &#8211; sometimes the beautiful morning light gilds the tops of the pines, sometimes they [&hellip;]<\/p>\n","protected":false},"author":2,"featured_media":0,"parent":0,"menu_order":0,"comment_status":"closed","ping_status":"closed","template":"","meta":{"_acf_changed":false,"rs_blank_template":"","rs_page_bg_color":"","slide_template_v7":"","_monsterinsights_skip_tracking":false,"_monsterinsights_sitenote_active":false,"_monsterinsights_sitenote_note":"","_monsterinsights_sitenote_category":0,"footnotes":""},"class_list":["post-383","page","type-page","status-publish","hentry"],"acf":[],"yoast_head":"<!-- This site is optimized with the Yoast SEO plugin v27.4 - https:\/\/yoast.com\/product\/yoast-seo-wordpress\/ -->\n<title>Metsaluige Turismitalu ja karavanipark &#8211; Holiday in nature by the coast<\/title>\n<meta name=\"description\" content=\"Metsaluige camping and caravan park. Enjoy pool, sauna, hot tub, restaurant. Relax in a beautiful natural place by the sea.\" \/>\n<meta name=\"robots\" content=\"index, follow, max-snippet:-1, max-image-preview:large, max-video-preview:-1\" \/>\n<link rel=\"canonical\" href=\"https:\/\/metsaluige.ee\/en\/\" \/>\n<meta property=\"og:locale\" content=\"en_US\" \/>\n<meta property=\"og:type\" content=\"article\" \/>\n<meta property=\"og:title\" content=\"Metsaluige Turismitalu ja karavanipark &#8211; Holiday in nature by the coast\" \/>\n<meta property=\"og:description\" content=\"Metsaluige camping and caravan park. Enjoy pool, sauna, hot tub, restaurant. Relax in a beautiful natural place by the sea.\" \/>\n<meta property=\"og:url\" content=\"https:\/\/metsaluige.ee\/en\/\" \/>\n<meta property=\"og:site_name\" content=\"Metsaluige Turismitalu ja karavanipark\" \/>\n<meta property=\"article:publisher\" content=\"https:\/\/www.facebook.com\/metsaluige\/\" \/>\n<meta property=\"article:modified_time\" content=\"2026-03-30T11:39:04+00:00\" \/>\n<meta name=\"twitter:card\" content=\"summary_large_image\" \/>\n<meta name=\"twitter:label1\" content=\"Est. reading time\" \/>\n\t<meta name=\"twitter:data1\" content=\"3 minutes\" \/>\n<script type=\"application\/ld+json\" class=\"yoast-schema-graph\">{\"@context\":\"https:\\\/\\\/schema.org\",\"@graph\":[{\"@type\":\"WebPage\",\"@id\":\"https:\\\/\\\/metsaluige.ee\\\/en\\\/\",\"url\":\"https:\\\/\\\/metsaluige.ee\\\/en\\\/\",\"name\":\"Metsaluige Turismitalu ja karavanipark &#8211; Holiday in nature by the coast\",\"isPartOf\":{\"@id\":\"https:\\\/\\\/www.metsaluige.ee\\\/en\\\/#website\"},\"datePublished\":\"2020-06-11T06:52:30+00:00\",\"dateModified\":\"2026-03-30T11:39:04+00:00\",\"description\":\"Metsaluige camping and caravan park. Enjoy pool, sauna, hot tub, restaurant. Relax in a beautiful natural place by the sea.\",\"breadcrumb\":{\"@id\":\"https:\\\/\\\/metsaluige.ee\\\/en\\\/#breadcrumb\"},\"inLanguage\":\"en-US\",\"potentialAction\":[{\"@type\":\"ReadAction\",\"target\":[\"https:\\\/\\\/metsaluige.ee\\\/en\\\/\"]}]},{\"@type\":\"BreadcrumbList\",\"@id\":\"https:\\\/\\\/metsaluige.ee\\\/en\\\/#breadcrumb\",\"itemListElement\":[{\"@type\":\"ListItem\",\"position\":1,\"name\":\"Avaleht\",\"item\":\"https:\\\/\\\/metsaluige.ee\\\/en\\\/\"},{\"@type\":\"ListItem\",\"position\":2,\"name\":\"Metsaluige\"}]},{\"@type\":\"WebSite\",\"@id\":\"https:\\\/\\\/www.metsaluige.ee\\\/en\\\/#website\",\"url\":\"https:\\\/\\\/www.metsaluige.ee\\\/en\\\/\",\"name\":\"Metsaluige Turismitalu ja karavanipark\",\"description\":\"Puhkus mere \u00e4\u00e4res P\u00e4rnumaal\",\"publisher\":{\"@id\":\"https:\\\/\\\/www.metsaluige.ee\\\/en\\\/#organization\"},\"potentialAction\":[{\"@type\":\"SearchAction\",\"target\":{\"@type\":\"EntryPoint\",\"urlTemplate\":\"https:\\\/\\\/www.metsaluige.ee\\\/en\\\/?s={search_term_string}\"},\"query-input\":{\"@type\":\"PropertyValueSpecification\",\"valueRequired\":true,\"valueName\":\"search_term_string\"}}],\"inLanguage\":\"en-US\"},{\"@type\":\"Organization\",\"@id\":\"https:\\\/\\\/www.metsaluige.ee\\\/en\\\/#organization\",\"name\":\"Metsaluige k\u00e4mping ja karavanipark\",\"url\":\"https:\\\/\\\/www.metsaluige.ee\\\/en\\\/\",\"logo\":{\"@type\":\"ImageObject\",\"inLanguage\":\"en-US\",\"@id\":\"https:\\\/\\\/www.metsaluige.ee\\\/en\\\/#\\\/schema\\\/logo\\\/image\\\/\",\"url\":\"https:\\\/\\\/metsaluige.ee\\\/wp-content\\\/uploads\\\/2020\\\/06\\\/luik.png\",\"contentUrl\":\"https:\\\/\\\/metsaluige.ee\\\/wp-content\\\/uploads\\\/2020\\\/06\\\/luik.png\",\"width\":1920,\"height\":1239,\"caption\":\"Metsaluige k\u00e4mping ja karavanipark\"},\"image\":{\"@id\":\"https:\\\/\\\/www.metsaluige.ee\\\/en\\\/#\\\/schema\\\/logo\\\/image\\\/\"},\"sameAs\":[\"https:\\\/\\\/www.facebook.com\\\/metsaluige\\\/\"]}]}<\/script>\n<!-- \/ Yoast SEO plugin. -->","yoast_head_json":{"title":"Metsaluige Turismitalu ja karavanipark &#8211; Holiday in nature by the coast","description":"Metsaluige camping and caravan park. Enjoy pool, sauna, hot tub, restaurant. Relax in a beautiful natural place by the sea.","robots":{"index":"index","follow":"follow","max-snippet":"max-snippet:-1","max-image-preview":"max-image-preview:large","max-video-preview":"max-video-preview:-1"},"canonical":"https:\/\/metsaluige.ee\/en\/","og_locale":"en_US","og_type":"article","og_title":"Metsaluige Turismitalu ja karavanipark &#8211; Holiday in nature by the coast","og_description":"Metsaluige camping and caravan park. Enjoy pool, sauna, hot tub, restaurant. Relax in a beautiful natural place by the sea.","og_url":"https:\/\/metsaluige.ee\/en\/","og_site_name":"Metsaluige Turismitalu ja karavanipark","article_publisher":"https:\/\/www.facebook.com\/metsaluige\/","article_modified_time":"2026-03-30T11:39:04+00:00","twitter_card":"summary_large_image","twitter_misc":{"Est. reading time":"3 minutes"},"schema":{"@context":"https:\/\/schema.org","@graph":[{"@type":"WebPage","@id":"https:\/\/metsaluige.ee\/en\/","url":"https:\/\/metsaluige.ee\/en\/","name":"Metsaluige Turismitalu ja karavanipark &#8211; Holiday in nature by the coast","isPartOf":{"@id":"https:\/\/www.metsaluige.ee\/en\/#website"},"datePublished":"2020-06-11T06:52:30+00:00","dateModified":"2026-03-30T11:39:04+00:00","description":"Metsaluige camping and caravan park. Enjoy pool, sauna, hot tub, restaurant. Relax in a beautiful natural place by the sea.","breadcrumb":{"@id":"https:\/\/metsaluige.ee\/en\/#breadcrumb"},"inLanguage":"en-US","potentialAction":[{"@type":"ReadAction","target":["https:\/\/metsaluige.ee\/en\/"]}]},{"@type":"BreadcrumbList","@id":"https:\/\/metsaluige.ee\/en\/#breadcrumb","itemListElement":[{"@type":"ListItem","position":1,"name":"Avaleht","item":"https:\/\/metsaluige.ee\/en\/"},{"@type":"ListItem","position":2,"name":"Metsaluige"}]},{"@type":"WebSite","@id":"https:\/\/www.metsaluige.ee\/en\/#website","url":"https:\/\/www.metsaluige.ee\/en\/","name":"Metsaluige Turismitalu ja karavanipark","description":"Puhkus mere \u00e4\u00e4res P\u00e4rnumaal","publisher":{"@id":"https:\/\/www.metsaluige.ee\/en\/#organization"},"potentialAction":[{"@type":"SearchAction","target":{"@type":"EntryPoint","urlTemplate":"https:\/\/www.metsaluige.ee\/en\/?s={search_term_string}"},"query-input":{"@type":"PropertyValueSpecification","valueRequired":true,"valueName":"search_term_string"}}],"inLanguage":"en-US"},{"@type":"Organization","@id":"https:\/\/www.metsaluige.ee\/en\/#organization","name":"Metsaluige k\u00e4mping ja karavanipark","url":"https:\/\/www.metsaluige.ee\/en\/","logo":{"@type":"ImageObject","inLanguage":"en-US","@id":"https:\/\/www.metsaluige.ee\/en\/#\/schema\/logo\/image\/","url":"https:\/\/metsaluige.ee\/wp-content\/uploads\/2020\/06\/luik.png","contentUrl":"https:\/\/metsaluige.ee\/wp-content\/uploads\/2020\/06\/luik.png","width":1920,"height":1239,"caption":"Metsaluige k\u00e4mping ja karavanipark"},"image":{"@id":"https:\/\/www.metsaluige.ee\/en\/#\/schema\/logo\/image\/"},"sameAs":["https:\/\/www.facebook.com\/metsaluige\/"]}]}},"_links":{"self":[{"href":"https:\/\/metsaluige.ee\/en\/wp-json\/wp\/v2\/pages\/383","targetHints":{"allow":["GET"]}}],"collection":[{"href":"https:\/\/metsaluige.ee\/en\/wp-json\/wp\/v2\/pages"}],"about":[{"href":"https:\/\/metsaluige.ee\/en\/wp-json\/wp\/v2\/types\/page"}],"author":[{"embeddable":true,"href":"https:\/\/metsaluige.ee\/en\/wp-json\/wp\/v2\/users\/2"}],"replies":[{"embeddable":true,"href":"https:\/\/metsaluige.ee\/en\/wp-json\/wp\/v2\/comments?post=383"}],"version-history":[{"count":5,"href":"https:\/\/metsaluige.ee\/en\/wp-json\/wp\/v2\/pages\/383\/revisions"}],"predecessor-version":[{"id":2445,"href":"https:\/\/metsaluige.ee\/en\/wp-json\/wp\/v2\/pages\/383\/revisions\/2445"}],"wp:attachment":[{"href":"https:\/\/metsaluige.ee\/en\/wp-json\/wp\/v2\/media?parent=383"}],"curies":[{"name":"wp","href":"https:\/\/api.w.org\/{rel}","templated":true}]}}