{"id":366,"date":"2020-06-19T14:57:11","date_gmt":"2020-06-19T12:57:11","guid":{"rendered":"https:\/\/metsaluige.ee\/palkpuhkemaja\/"},"modified":"2025-07-10T14:49:41","modified_gmt":"2025-07-10T12:49:41","slug":"log-house-cottages","status":"publish","type":"page","link":"https:\/\/metsaluige.ee\/en\/accommodation\/log-house-cottages\/","title":{"rendered":"Log house cottages"},"content":{"rendered":"<div class=\"wpb-content-wrapper\">[vc_row fullwidth=&#8221;true&#8221; fullwidth_content=&#8221;false&#8221; equal_columns=&#8221;true&#8221; css=&#8221;.vc_custom_1593178892726{padding-top: 3rem !important;padding-bottom: 2rem !important;background-color: #fcfcfc !important;}&#8221; el_class=&#8221;vertical-middle&#8221;][vc_column width=&#8221;1\/2&#8243;][vc_column_text css=&#8221;.vc_custom_1661865166660{margin-bottom: 0px !important;}&#8221;]\n<h1 style=\"text-align: left;\">Log house cottage<\/h1>\n<p style=\"text-align: left;\"><strong>The spacious and cozy log holiday house made of natural logs can accommodate up to four people and is suitable for a romantic weekend for two as well as for vacationers with families.<\/strong><\/p>\n<p><strong>The house has<\/strong> two separate beds on the lower floor and two mattresses on the mezzanine floor. If necessary, there is possibility of an extra bed (5th person) for an additional fee. In addition, there is a small refrigerator in the house.<\/p>\n<p><strong>There are<\/strong> 9 shower rooms and 9 toilets in the utility and laundry building. In addition, 2 fully automatic washing machines and a dryer can be used for an additional fee.<\/p>\n<table border=\"0\">\n<tbody>\n<tr>\n<td data-title=\"\"><strong>Log house cottage (2 beds)<\/strong><\/td>\n<td data-title=\"\"><strong>60.00 \u20ac \/ night<\/strong><\/td>\n<\/tr>\n<tr>\n<td data-title=\"\"><strong>Log house cottage (4 beds) **<\/strong><\/td>\n<td data-title=\"\"><strong>90.00 \u20ac \/ nigh<\/strong>t<\/td>\n<\/tr>\n<\/tbody>\n<\/table>\n<div class=\"pricing-table\"><\/div>\n<h5 style=\"text-align: left;\"><\/h5>\n[\/vc_column_text][mk_button dimension=&#8221;outline&#8221; size=&#8221;large&#8221; url=&#8221;https:\/\/bouk.io\/booking\/metsaluige\/454\/rooms\/124&#8243; align=&#8221;center&#8221;]BOOK NOW[\/mk_button][\/vc_column][vc_column width=&#8221;1\/2&#8243;][vc_single_image image=&#8221;1922&#8243; img_size=&#8221;full&#8221; css=&#8221;&#8221;][\/vc_column][\/vc_row][vc_row fullwidth=&#8221;true&#8221; fullwidth_content=&#8221;false&#8221; equal_columns=&#8221;true&#8221; css=&#8221;.vc_custom_1593178892726{padding-top: 3rem !important;padding-bottom: 2rem !important;background-color: #fcfcfc !important;}&#8221; el_class=&#8221;vertical-middle&#8221;][vc_column width=&#8221;1\/2&#8243;][mk_image src=&#8221;https:\/\/metsaluige.ee\/wp-content\/uploads\/2022\/03\/holiday-log-house-visit-estonia.jpg&#8221; image_size=&#8221;full&#8221;][\/vc_column][vc_column width=&#8221;1\/2&#8243;][vc_column_text css=&#8221;.vc_custom_1752151300089{margin-bottom: 0px !important;}&#8221;]<strong>The rental price of the house includes:<\/strong> Bed linen (blankets, pillows, bed sheets), use of the shower and toilet (in a separate shared hygiene building), use of the outdoor kitchen, Wi-Fi, free parking, accommodation VAT<\/p>\n<p><strong>Payment for the reservation<\/strong> is based on the total amount of the order in advance! When you confirm the order, we will send you an invoice, which will confirm the reservation upon timely payment.<\/p>\n<p><strong>In case of cancellation <\/strong>of the <a href=\"https:\/\/visitestonia.com\/en\/metsaluige-camping-and-caravan-park\" target=\"_blank\" rel=\"noopener\">reservation<\/a>, the prepaid amount is not refundable! The reservation time can be changed once according to the agreement with <a href=\"https:\/\/metsaluige.ee\/en\/contact\/\" target=\"_blank\" rel=\"noopener\">Metsaluige Tourism Farm<\/a>.<\/p>\n<p><strong>Check-in on the day of arrival from 15:00<\/strong><\/p>\n<p><strong>Check-out on the day of departure until 12:00<\/strong>[\/vc_column_text][\/vc_column][\/vc_row][vc_row fullwidth=&#8221;true&#8221; fullwidth_content=&#8221;false&#8221; equal_columns=&#8221;true&#8221; css=&#8221;.vc_custom_1593603075650{padding-top: 3rem !important;padding-bottom: 2rem !important;}&#8221; el_class=&#8221;vertical-middle&#8221;][vc_column width=&#8221;1\/3&#8243;][mk_image src=&#8221;https:\/\/metsaluige.ee\/wp-content\/uploads\/2020\/06\/p1611585-2-scaled.jpg&#8221; image_height=&#8221;550&#8243; visibility=&#8221;hidden-sm&#8221;][\/vc_column][vc_column width=&#8221;1\/3&#8243;][mk_image src=&#8221;https:\/\/metsaluige.ee\/wp-content\/uploads\/2020\/06\/p1611603-2-scaled.jpg&#8221; image_height=&#8221;550&#8243;][\/vc_column][vc_column width=&#8221;1\/3&#8243;][mk_image src=&#8221;https:\/\/metsaluige.ee\/wp-content\/uploads\/2020\/06\/p1622244-scaled.jpg&#8221; image_height=&#8221;550&#8243;][\/vc_column][\/vc_row][vc_row css=&#8221;.vc_custom_1593178887966{padding-bottom: 3rem !important;}&#8221;][vc_column width=&#8221;1\/3&#8243;][mk_button dimension=&#8221;outline&#8221; size=&#8221;large&#8221; url=&#8221;https:\/\/metsaluige.ee\/en\/&#8221; align=&#8221;center&#8221;]Main page[\/mk_button][\/vc_column][vc_column width=&#8221;1\/3&#8243;][mk_button dimension=&#8221;outline&#8221; size=&#8221;large&#8221; url=&#8221;https:\/\/metsaluige.ee\/en\/contact\/&#8221; align=&#8221;center&#8221;]Contact us![\/mk_button][\/vc_column][vc_column width=&#8221;1\/3&#8243;][mk_button dimension=&#8221;outline&#8221; size=&#8221;large&#8221; url=&#8221;https:\/\/metsaluige.ee\/en\/cafe-restaurant\/&#8221; align=&#8221;center&#8221;]Cafe-Restaurant[\/mk_button][\/vc_column][\/vc_row]\n<\/div>","protected":false},"excerpt":{"rendered":"<p>[vc_row fullwidth=&#8221;true&#8221; fullwidth_content=&#8221;false&#8221; equal_columns=&#8221;true&#8221; css=&#8221;.vc_custom_1593178892726{padding-top: 3rem !important;padding-bottom: 2rem !important;background-color: #fcfcfc !important;}&#8221; el_class=&#8221;vertical-middle&#8221;][vc_column width=&#8221;1\/2&#8243;][vc_column_text css=&#8221;.vc_custom_1661865166660{margin-bottom: 0px !important;}&#8221;] Log house cottage The spacious and cozy log holiday house made of natural logs can accommodate up to four people and is suitable for a romantic weekend for two as well as for vacationers with families. The house has [&hellip;]<\/p>\n","protected":false},"author":2,"featured_media":0,"parent":1219,"menu_order":0,"comment_status":"closed","ping_status":"closed","template":"","meta":{"_acf_changed":false,"rs_blank_template":"","rs_page_bg_color":"","slide_template_v7":"","_monsterinsights_skip_tracking":false,"_monsterinsights_sitenote_active":false,"_monsterinsights_sitenote_note":"","_monsterinsights_sitenote_category":0,"footnotes":""},"class_list":["post-366","page","type-page","status-publish","hentry"],"acf":[],"yoast_head":"<!-- This site is optimized with the Yoast SEO plugin v27.4 - https:\/\/yoast.com\/product\/yoast-seo-wordpress\/ -->\n<title>Log house cottages &#8211; Metsaluige Turismitalu ja karavanipark<\/title>\n<meta name=\"description\" content=\"Cozy log house cottages at Metsaluige are built from natural timber for year-round comfort. Sleeps 4, with extra bed available upon request.\" \/>\n<meta name=\"robots\" content=\"index, follow, max-snippet:-1, max-image-preview:large, max-video-preview:-1\" \/>\n<link rel=\"canonical\" href=\"https:\/\/metsaluige.ee\/en\/accommodation\/log-house-cottages\/\" \/>\n<meta property=\"og:locale\" content=\"en_US\" \/>\n<meta property=\"og:type\" content=\"article\" \/>\n<meta property=\"og:title\" content=\"Log house cottages &#8211; Metsaluige Turismitalu ja karavanipark\" \/>\n<meta property=\"og:description\" content=\"Cozy log house cottages at Metsaluige are built from natural timber for year-round comfort. Sleeps 4, with extra bed available upon request.\" \/>\n<meta property=\"og:url\" content=\"https:\/\/metsaluige.ee\/en\/accommodation\/log-house-cottages\/\" \/>\n<meta property=\"og:site_name\" content=\"Metsaluige Turismitalu ja karavanipark\" \/>\n<meta property=\"article:publisher\" content=\"https:\/\/www.facebook.com\/metsaluige\/\" \/>\n<meta property=\"article:modified_time\" content=\"2025-07-10T12:49:41+00:00\" \/>\n<meta name=\"twitter:card\" content=\"summary_large_image\" \/>\n<meta name=\"twitter:label1\" content=\"Est. reading time\" \/>\n\t<meta name=\"twitter:data1\" content=\"3 minutes\" \/>\n<script type=\"application\/ld+json\" class=\"yoast-schema-graph\">{\"@context\":\"https:\\\/\\\/schema.org\",\"@graph\":[{\"@type\":\"WebPage\",\"@id\":\"https:\\\/\\\/metsaluige.ee\\\/en\\\/accommodation\\\/log-house-cottages\\\/\",\"url\":\"https:\\\/\\\/metsaluige.ee\\\/en\\\/accommodation\\\/log-house-cottages\\\/\",\"name\":\"Log house cottages &#8211; Metsaluige Turismitalu ja karavanipark\",\"isPartOf\":{\"@id\":\"https:\\\/\\\/www.metsaluige.ee\\\/en\\\/#website\"},\"datePublished\":\"2020-06-19T12:57:11+00:00\",\"dateModified\":\"2025-07-10T12:49:41+00:00\",\"description\":\"Cozy log house cottages at Metsaluige are built from natural timber for year-round comfort. Sleeps 4, with extra bed available upon request.\",\"breadcrumb\":{\"@id\":\"https:\\\/\\\/metsaluige.ee\\\/en\\\/accommodation\\\/log-house-cottages\\\/#breadcrumb\"},\"inLanguage\":\"en-US\",\"potentialAction\":[{\"@type\":\"ReadAction\",\"target\":[\"https:\\\/\\\/metsaluige.ee\\\/en\\\/accommodation\\\/log-house-cottages\\\/\"]}]},{\"@type\":\"BreadcrumbList\",\"@id\":\"https:\\\/\\\/metsaluige.ee\\\/en\\\/accommodation\\\/log-house-cottages\\\/#breadcrumb\",\"itemListElement\":[{\"@type\":\"ListItem\",\"position\":1,\"name\":\"Avaleht\",\"item\":\"https:\\\/\\\/metsaluige.ee\\\/en\\\/\"},{\"@type\":\"ListItem\",\"position\":2,\"name\":\"Accommodation\",\"item\":\"https:\\\/\\\/metsaluige.ee\\\/en\\\/accommodation\\\/\"},{\"@type\":\"ListItem\",\"position\":3,\"name\":\"Log house cottages\"}]},{\"@type\":\"WebSite\",\"@id\":\"https:\\\/\\\/www.metsaluige.ee\\\/en\\\/#website\",\"url\":\"https:\\\/\\\/www.metsaluige.ee\\\/en\\\/\",\"name\":\"Metsaluige Turismitalu ja karavanipark\",\"description\":\"Puhkus mere \u00e4\u00e4res P\u00e4rnumaal\",\"publisher\":{\"@id\":\"https:\\\/\\\/www.metsaluige.ee\\\/en\\\/#organization\"},\"potentialAction\":[{\"@type\":\"SearchAction\",\"target\":{\"@type\":\"EntryPoint\",\"urlTemplate\":\"https:\\\/\\\/www.metsaluige.ee\\\/en\\\/?s={search_term_string}\"},\"query-input\":{\"@type\":\"PropertyValueSpecification\",\"valueRequired\":true,\"valueName\":\"search_term_string\"}}],\"inLanguage\":\"en-US\"},{\"@type\":\"Organization\",\"@id\":\"https:\\\/\\\/www.metsaluige.ee\\\/en\\\/#organization\",\"name\":\"Metsaluige k\u00e4mping ja karavanipark\",\"url\":\"https:\\\/\\\/www.metsaluige.ee\\\/en\\\/\",\"logo\":{\"@type\":\"ImageObject\",\"inLanguage\":\"en-US\",\"@id\":\"https:\\\/\\\/www.metsaluige.ee\\\/en\\\/#\\\/schema\\\/logo\\\/image\\\/\",\"url\":\"https:\\\/\\\/metsaluige.ee\\\/wp-content\\\/uploads\\\/2020\\\/06\\\/luik.png\",\"contentUrl\":\"https:\\\/\\\/metsaluige.ee\\\/wp-content\\\/uploads\\\/2020\\\/06\\\/luik.png\",\"width\":1920,\"height\":1239,\"caption\":\"Metsaluige k\u00e4mping ja karavanipark\"},\"image\":{\"@id\":\"https:\\\/\\\/www.metsaluige.ee\\\/en\\\/#\\\/schema\\\/logo\\\/image\\\/\"},\"sameAs\":[\"https:\\\/\\\/www.facebook.com\\\/metsaluige\\\/\"]}]}<\/script>\n<!-- \/ Yoast SEO plugin. -->","yoast_head_json":{"title":"Log house cottages &#8211; Metsaluige Turismitalu ja karavanipark","description":"Cozy log house cottages at Metsaluige are built from natural timber for year-round comfort. Sleeps 4, with extra bed available upon request.","robots":{"index":"index","follow":"follow","max-snippet":"max-snippet:-1","max-image-preview":"max-image-preview:large","max-video-preview":"max-video-preview:-1"},"canonical":"https:\/\/metsaluige.ee\/en\/accommodation\/log-house-cottages\/","og_locale":"en_US","og_type":"article","og_title":"Log house cottages &#8211; Metsaluige Turismitalu ja karavanipark","og_description":"Cozy log house cottages at Metsaluige are built from natural timber for year-round comfort. Sleeps 4, with extra bed available upon request.","og_url":"https:\/\/metsaluige.ee\/en\/accommodation\/log-house-cottages\/","og_site_name":"Metsaluige Turismitalu ja karavanipark","article_publisher":"https:\/\/www.facebook.com\/metsaluige\/","article_modified_time":"2025-07-10T12:49:41+00:00","twitter_card":"summary_large_image","twitter_misc":{"Est. reading time":"3 minutes"},"schema":{"@context":"https:\/\/schema.org","@graph":[{"@type":"WebPage","@id":"https:\/\/metsaluige.ee\/en\/accommodation\/log-house-cottages\/","url":"https:\/\/metsaluige.ee\/en\/accommodation\/log-house-cottages\/","name":"Log house cottages &#8211; Metsaluige Turismitalu ja karavanipark","isPartOf":{"@id":"https:\/\/www.metsaluige.ee\/en\/#website"},"datePublished":"2020-06-19T12:57:11+00:00","dateModified":"2025-07-10T12:49:41+00:00","description":"Cozy log house cottages at Metsaluige are built from natural timber for year-round comfort. Sleeps 4, with extra bed available upon request.","breadcrumb":{"@id":"https:\/\/metsaluige.ee\/en\/accommodation\/log-house-cottages\/#breadcrumb"},"inLanguage":"en-US","potentialAction":[{"@type":"ReadAction","target":["https:\/\/metsaluige.ee\/en\/accommodation\/log-house-cottages\/"]}]},{"@type":"BreadcrumbList","@id":"https:\/\/metsaluige.ee\/en\/accommodation\/log-house-cottages\/#breadcrumb","itemListElement":[{"@type":"ListItem","position":1,"name":"Avaleht","item":"https:\/\/metsaluige.ee\/en\/"},{"@type":"ListItem","position":2,"name":"Accommodation","item":"https:\/\/metsaluige.ee\/en\/accommodation\/"},{"@type":"ListItem","position":3,"name":"Log house cottages"}]},{"@type":"WebSite","@id":"https:\/\/www.metsaluige.ee\/en\/#website","url":"https:\/\/www.metsaluige.ee\/en\/","name":"Metsaluige Turismitalu ja karavanipark","description":"Puhkus mere \u00e4\u00e4res P\u00e4rnumaal","publisher":{"@id":"https:\/\/www.metsaluige.ee\/en\/#organization"},"potentialAction":[{"@type":"SearchAction","target":{"@type":"EntryPoint","urlTemplate":"https:\/\/www.metsaluige.ee\/en\/?s={search_term_string}"},"query-input":{"@type":"PropertyValueSpecification","valueRequired":true,"valueName":"search_term_string"}}],"inLanguage":"en-US"},{"@type":"Organization","@id":"https:\/\/www.metsaluige.ee\/en\/#organization","name":"Metsaluige k\u00e4mping ja karavanipark","url":"https:\/\/www.metsaluige.ee\/en\/","logo":{"@type":"ImageObject","inLanguage":"en-US","@id":"https:\/\/www.metsaluige.ee\/en\/#\/schema\/logo\/image\/","url":"https:\/\/metsaluige.ee\/wp-content\/uploads\/2020\/06\/luik.png","contentUrl":"https:\/\/metsaluige.ee\/wp-content\/uploads\/2020\/06\/luik.png","width":1920,"height":1239,"caption":"Metsaluige k\u00e4mping ja karavanipark"},"image":{"@id":"https:\/\/www.metsaluige.ee\/en\/#\/schema\/logo\/image\/"},"sameAs":["https:\/\/www.facebook.com\/metsaluige\/"]}]}},"_links":{"self":[{"href":"https:\/\/metsaluige.ee\/en\/wp-json\/wp\/v2\/pages\/366","targetHints":{"allow":["GET"]}}],"collection":[{"href":"https:\/\/metsaluige.ee\/en\/wp-json\/wp\/v2\/pages"}],"about":[{"href":"https:\/\/metsaluige.ee\/en\/wp-json\/wp\/v2\/types\/page"}],"author":[{"embeddable":true,"href":"https:\/\/metsaluige.ee\/en\/wp-json\/wp\/v2\/users\/2"}],"replies":[{"embeddable":true,"href":"https:\/\/metsaluige.ee\/en\/wp-json\/wp\/v2\/comments?post=366"}],"version-history":[{"count":5,"href":"https:\/\/metsaluige.ee\/en\/wp-json\/wp\/v2\/pages\/366\/revisions"}],"predecessor-version":[{"id":1924,"href":"https:\/\/metsaluige.ee\/en\/wp-json\/wp\/v2\/pages\/366\/revisions\/1924"}],"up":[{"embeddable":true,"href":"https:\/\/metsaluige.ee\/en\/wp-json\/wp\/v2\/pages\/1219"}],"wp:attachment":[{"href":"https:\/\/metsaluige.ee\/en\/wp-json\/wp\/v2\/media?parent=366"}],"curies":[{"name":"wp","href":"https:\/\/api.w.org\/{rel}","templated":true}]}}