{"id":355,"date":"2020-06-11T09:52:04","date_gmt":"2020-06-11T07:52:04","guid":{"rendered":"https:\/\/metsaluige.ee\/karavanidele\/"},"modified":"2025-09-29T15:21:42","modified_gmt":"2025-09-29T13:21:42","slug":"for-caravans","status":"publish","type":"page","link":"https:\/\/metsaluige.ee\/en\/for-caravans\/","title":{"rendered":"For caravans"},"content":{"rendered":"<div class=\"wpb-content-wrapper\">[vc_row equal_columns=&#8221;true&#8221; css=&#8221;.vc_custom_1592571370128{padding-top: 3rem !important;}&#8221; el_class=&#8221;vertical-middle&#8221;][vc_column width=&#8221;1\/2&#8243;][vc_column_text css=&#8221;.vc_custom_1759151346647{margin-bottom: 0px !important;}&#8221;]\n<h2 data-start=\"153\" data-end=\"170\">CARAVAN PARK<\/h2>\n<p data-start=\"172\" data-end=\"366\"><strong data-start=\"172\" data-end=\"224\">Metsaluige Caravan Park in P\u00e4rnumaa<\/strong> is the perfect stopover near the sea. Here you can enjoy a peaceful and comfortable stay with your caravan just a few steps from the beach.<\/p>\n<p data-start=\"368\" data-end=\"517\">Grass-covered caravan pitches accommodate up to 80 caravans and are designed for travellers who value comfort and closeness to nature.<\/p>\n<h3 data-start=\"519\" data-end=\"569\">Why choose Metsaluige Caravan Park in Kabli?<\/h3>\n<p data-start=\"571\" data-end=\"714\">A pitch is not just a parking spot \u2014 the price already includes a wide range of amenities, making your holiday with caravan even more enjoyable.<\/p>\n<p data-start=\"716\" data-end=\"740\">Included in your stay:<\/p>\n<ul data-start=\"741\" data-end=\"1208\">\n<li data-start=\"741\" data-end=\"812\">\n<p data-start=\"743\" data-end=\"812\"><strong data-start=\"743\" data-end=\"769\">Outdoor kitchen access<\/strong> \u2013 cook delicious meals in the fresh air.<\/p>\n<\/li>\n<li data-start=\"813\" data-end=\"929\">\n<p data-start=\"815\" data-end=\"929\"><strong data-start=\"815\" data-end=\"877\">Modern shower and toilet facilities surrounded by birdsong<\/strong> \u2013 cleanliness and comfort in the heart of nature.<\/p>\n<\/li>\n<li data-start=\"930\" data-end=\"989\">\n<p data-start=\"932\" data-end=\"989\"><strong data-start=\"932\" data-end=\"965\">Drinking water refill station<\/strong> \u2013 fresh, clean water.<\/p>\n<\/li>\n<li data-start=\"990\" data-end=\"1070\">\n<p data-start=\"992\" data-end=\"1070\"><strong data-start=\"992\" data-end=\"1025\">Greywater and septic disposal<\/strong> \u2013 convenient and environmentally friendly.<\/p>\n<\/li>\n<li data-start=\"1071\" data-end=\"1136\">\n<p data-start=\"1073\" data-end=\"1136\"><strong data-start=\"1073\" data-end=\"1098\">Children\u2019s playground<\/strong> \u2013 safe and fun for the little ones.<\/p>\n<\/li>\n<li data-start=\"1137\" data-end=\"1208\">\n<p data-start=\"1139\" data-end=\"1208\"><strong data-start=\"1139\" data-end=\"1156\">Barbecue area<\/strong> \u2013 spend pleasant evenings with friends or family.<\/p>\n<\/li>\n<\/ul>\n[\/vc_column_text][\/vc_column][vc_column width=&#8221;1\/2&#8243;][mk_image src=&#8221;https:\/\/metsaluige.ee\/wp-content\/uploads\/2020\/06\/dji_0455-scaled.jpg&#8221; image_size=&#8221;full&#8221;][mk_button dimension=&#8221;double-outline&#8221; size=&#8221;large&#8221; url=&#8221;https:\/\/bouk.io\/booking\/metsaluige\/454\/rooms\/124?language=et&amp;adults=2&#8243; target=&#8221;_blank&#8221; align=&#8221;center&#8221; margin_top=&#8221;20&#8243; margin_bottom=&#8221;20&#8243; margin_right=&#8221;0&#8243;]BOOK NOW[\/mk_button][\/vc_column][\/vc_row][vc_row equal_columns=&#8221;true&#8221; css=&#8221;.vc_custom_1592571370128{padding-top: 3rem !important;}&#8221; el_class=&#8221;vertical-middle&#8221;][vc_column width=&#8221;1\/2&#8243;][vc_column_text css=&#8221;.vc_custom_1759152096491{margin-bottom: 0px !important;}&#8221;]\n<h3 data-start=\"1210\" data-end=\"1273\">Extra services and activities during your caravan holiday<\/h3>\n<ul data-start=\"1274\" data-end=\"1567\">\n<li data-start=\"1274\" data-end=\"1348\">\n<p data-start=\"1276\" data-end=\"1348\"><strong data-start=\"1276\" data-end=\"1307\">On-site caf\u00e9 and restaurant<\/strong> \u2013 enjoy wonderful, uplifting flavours.<\/p>\n<\/li>\n<li data-start=\"1349\" data-end=\"1396\">\n<p data-start=\"1351\" data-end=\"1396\"><strong data-start=\"1351\" data-end=\"1374\">Sauna and pool area<\/strong> \u2013 relax and <span class=\"Y2IQFc\" lang=\"en\">enjoy the water.<\/span><\/p>\n<\/li>\n<li data-start=\"1397\" data-end=\"1479\">\n<p data-start=\"1399\" data-end=\"1479\"><strong data-start=\"1399\" data-end=\"1441\">SUP boards and sports equipment rental<\/strong> \u2013 perfect for active holidaymakers.<\/p>\n<\/li>\n<li data-start=\"1480\" data-end=\"1532\">\n<p data-start=\"1482\" data-end=\"1532\"><strong data-start=\"1482\" data-end=\"1530\">Fully automatic washing machines and dryers.<\/strong><\/p>\n<\/li>\n<li data-start=\"1533\" data-end=\"1567\">\n<p data-start=\"1535\" data-end=\"1567\"><strong data-start=\"1535\" data-end=\"1565\">Barbecue equipment rental.<\/strong><\/p>\n<\/li>\n<\/ul>\n<p data-start=\"1569\" data-end=\"1662\"><strong data-start=\"1569\" data-end=\"1587\">NEW from 2026:<\/strong> bicycle rental \u2013 an ideal way to explore the surroundings.<\/p>\n<p data-start=\"1664\" data-end=\"1771\">The service house is heated and open all year round (with prior notice outside of a summer season).<\/p>\n<h3 data-start=\"1773\" data-end=\"1799\">Prices and discounts<\/h3>\n<p data-start=\"1800\" data-end=\"1964\">Caravan pitch price: <strong data-start=\"1821\" data-end=\"1839\">\u20ac27 per night.<\/strong><br data-start=\"1839\" data-end=\"1842\" \/>10% discount on caravan services when presenting a membership card to the members of the <strong><span style=\"color: #008080;\"><a style=\"color: #008080;\" href=\"https:\/\/eestikaravan.eu\/2020\/06\/23\/metsaluige-kamping\/\" target=\"_blank\" rel=\"noopener\">Estonian Caravan Club<\/a> <\/span><\/strong>and to the\u00a0<strong><span style=\"color: #008080;\"><a href=\"https:\/\/www.eurocampings.co.uk\/estonia\/kabli\/metsaluige-camping-and-caravan-park-125188\/\" target=\"_blank\" rel=\"noopener\"><span style=\"color: #008080;\">ACSI members.<\/span><\/a><\/span><\/strong><\/p>\n<p data-start=\"1966\" data-end=\"2020\"><span style=\"color: #008080;\"><a style=\"color: #008080;\" href=\"https:\/\/bouk.io\/booking\/metsaluige\/454\/rooms\/124?language=et&amp;adults=2\" target=\"_blank\" rel=\"noopener\">Book<\/a><\/span> your spot at Metsaluige Caravan Park today!<\/p>\n<p data-start=\"2021\" data-end=\"2160\">Metsaluige Tourism Farm Caravan Park in Estonia is an excellent destination for a family holiday or as a stopover on a longer road trip.<\/p>\n<p data-start=\"2162\" data-end=\"2248\">Enjoy the beauty of nature, convenient services and a welcoming atmosphere in Kabli.<\/p>\n<p data-start=\"2250\" data-end=\"2340\">Stay tuned on <span style=\"color: #008080;\"><a style=\"color: #008080;\" href=\"https:\/\/www.facebook.com\/metsaluige\/\" target=\"_blank\" rel=\"noopener\"><strong>Facebook<\/strong><\/a> <\/span>and<span style=\"color: #003366;\"> <a style=\"color: #003366;\" href=\"https:\/\/www.instagram.com\/metsaluigecamping\/\" target=\"_blank\" rel=\"noopener\"><strong data-start=\"2281\" data-end=\"2294\"><span style=\"color: #008080;\">Instagram<\/span><\/strong><\/a> <\/span>to keep up with our latest news and events.<\/p>\n<p>&nbsp;<\/p>\n<p>See the <span style=\"color: #008080;\"><a style=\"color: #008080;\" href=\"https:\/\/metsaluige.ee\/en\/gallery\/\" target=\"_blank\" rel=\"noopener\"><strong>galery<\/strong><\/a>.<\/span>[\/vc_column_text][\/vc_column][vc_column width=&#8221;1\/2&#8243;][mk_image src=&#8221;https:\/\/metsaluige.ee\/wp-content\/uploads\/2025\/09\/metsaluige-karavan-vesi-scaled.jpg&#8221; image_size=&#8221;full&#8221;][mk_button dimension=&#8221;double-outline&#8221; size=&#8221;large&#8221; url=&#8221;https:\/\/bouk.io\/booking\/metsaluige\/454\/rooms\/124?language=et&amp;adults=2&#8243; target=&#8221;_blank&#8221; align=&#8221;center&#8221; margin_top=&#8221;20&#8243; margin_bottom=&#8221;20&#8243; margin_right=&#8221;0&#8243;]BOOK NOW[\/mk_button][\/vc_column][\/vc_row][vc_row][vc_column][vc_empty_space][\/vc_column][\/vc_row][vc_row][vc_column width=&#8221;1\/2&#8243;][vc_single_image image=&#8221;1907&#8243; img_size=&#8221;large&#8221; css=&#8221;&#8221;][\/vc_column][vc_column width=&#8221;1\/2&#8243;][vc_column_text css=&#8221;.vc_custom_1752153610787{margin-bottom: 0px !important;}&#8221;]\n<h2>Caravan and tent pitches<\/h2>\n<div class=\"pricing-table\">\n<table border=\"0\">\n<tbody>\n<tr>\n<td data-title=\"\">Caravan pitches *<\/td>\n<td data-title=\"\">27.00 \u20ac \/ night<\/td>\n<\/tr>\n<tr>\n<td data-title=\"\">Add adult<\/td>\n<td data-title=\"\">8.00 \u20ac \/ night<\/td>\n<\/tr>\n<tr>\n<td data-title=\"\">Add a child 3-17 years<\/td>\n<td data-title=\"\">5.00 \u20ac \/ night<\/td>\n<\/tr>\n<tr>\n<td data-title=\"\">Add a child up to 2 years old<\/td>\n<td data-title=\"\">FREE OF CHARGE<\/td>\n<\/tr>\n<tr>\n<td data-title=\"\">Tent pitches **<\/td>\n<td data-title=\"\">18.00 \u20ac \/ night<\/td>\n<\/tr>\n<tr>\n<td data-title=\"\">Additional person<\/td>\n<td data-title=\"\">8.00 \u20ac \/ night<\/td>\n<\/tr>\n<tr>\n<td data-title=\"\">Add a child 3-17 years<\/td>\n<td data-title=\"\">5.00 \u20ac \/ night<\/td>\n<\/tr>\n<\/tbody>\n<\/table>\n<\/div>\n<p>Caravan pitches includes 2 people, electricity, water, use of toilet, shower and outdoor kitchen .<\/p>\n<p>* Tent pitches includes 2 person, use of toilet, shower and outdoor kitchen.<\/p>\n<p>Check-in from 15:00 and check-out no later than 12:00.[\/vc_column_text][mk_button dimension=&#8221;double-outline&#8221; size=&#8221;large&#8221; url=&#8221;https:\/\/metsaluige.ee\/en\/prices\/&#8221; align=&#8221;center&#8221;]PRICE LIST[\/mk_button][\/vc_column][\/vc_row][vc_row][vc_column][vc_empty_space][\/vc_column][\/vc_row][vc_row][vc_column width=&#8221;1\/2&#8243;][vc_single_image image=&#8221;1930&#8243; img_size=&#8221;large&#8221; css=&#8221;&#8221;][\/vc_column][vc_column width=&#8221;1\/2&#8243;][vc_column_text css=&#8221;.vc_custom_1752153463839{margin-bottom: 0px !important;}&#8221;]\n<h5>How about animals?<\/h5>\n<p>&nbsp;<\/p>\n<p><strong data-start=\"72\" data-end=\"129\">Well-behaved furry and not furry friends are welcome at Metsaluige! <\/strong>We know holidays are better with your pets \u2013 just make sure they\u2019re polite, and they\u2019re more than welcome to join the fun.<\/p>\n<p>&nbsp;<\/p>\n<p><strong data-start=\"55\" data-end=\"103\">Pets sleeping in your caravan stay for free!<\/strong><br data-start=\"103\" data-end=\"106\" \/>Well-behaved furry friends are always welcome at Metsaluige \u2013 and if your pet sleeps in your own caravan, there\u2019s no extra charge.<\/p>\n[\/vc_column_text][\/vc_column][\/vc_row][vc_row][vc_column][vc_empty_space][\/vc_column][\/vc_row][vc_row equal_columns=&#8221;true&#8221; css=&#8221;.vc_custom_1593179283940{padding-top: 1rem !important;padding-bottom: 2rem !important;}&#8221; el_class=&#8221;vertical-middle&#8221;][vc_column][mk_gallery images=&#8221;164,162,165,166,237,238&#8243; height=&#8221;300&#8243; item_spacing=&#8221;10&#8243; margin_bottom=&#8221;0&#8243;][\/vc_column][\/vc_row]\n<\/div>","protected":false},"excerpt":{"rendered":"<p>[vc_row equal_columns=&#8221;true&#8221; css=&#8221;.vc_custom_1592571370128{padding-top: 3rem !important;}&#8221; el_class=&#8221;vertical-middle&#8221;][vc_column width=&#8221;1\/2&#8243;][vc_column_text css=&#8221;.vc_custom_1759151346647{margin-bottom: 0px !important;}&#8221;] CARAVAN PARK Metsaluige Caravan Park in P\u00e4rnumaa is the perfect stopover near the sea. Here you can enjoy a peaceful and comfortable stay with your caravan just a few steps from the beach. Grass-covered caravan pitches accommodate up to 80 caravans and are designed for [&hellip;]<\/p>\n","protected":false},"author":2,"featured_media":0,"parent":0,"menu_order":0,"comment_status":"closed","ping_status":"closed","template":"","meta":{"_acf_changed":false,"rs_blank_template":"","rs_page_bg_color":"","slide_template_v7":"","_monsterinsights_skip_tracking":false,"_monsterinsights_sitenote_active":false,"_monsterinsights_sitenote_note":"","_monsterinsights_sitenote_category":0,"footnotes":""},"class_list":["post-355","page","type-page","status-publish","hentry"],"acf":[],"yoast_head":"<!-- This site is optimized with the Yoast SEO plugin v27.4 - https:\/\/yoast.com\/product\/yoast-seo-wordpress\/ -->\n<title>For caravans &#8211; Metsaluige Turismitalu ja karavanipark<\/title>\n<meta name=\"description\" content=\"The Metsaluige caravans park has grass covered caravan pitches for up to 80 caravans. Spacious caravan pitches with electrical supply.\" \/>\n<meta name=\"robots\" content=\"index, follow, max-snippet:-1, max-image-preview:large, max-video-preview:-1\" \/>\n<link rel=\"canonical\" href=\"https:\/\/metsaluige.ee\/en\/for-caravans\/\" \/>\n<meta property=\"og:locale\" content=\"en_US\" \/>\n<meta property=\"og:type\" content=\"article\" \/>\n<meta property=\"og:title\" content=\"For caravans &#8211; Metsaluige Turismitalu ja karavanipark\" \/>\n<meta property=\"og:description\" content=\"The Metsaluige caravans park has grass covered caravan pitches for up to 80 caravans. Spacious caravan pitches with electrical supply.\" \/>\n<meta property=\"og:url\" content=\"https:\/\/metsaluige.ee\/en\/for-caravans\/\" \/>\n<meta property=\"og:site_name\" content=\"Metsaluige Turismitalu ja karavanipark\" \/>\n<meta property=\"article:publisher\" content=\"https:\/\/www.facebook.com\/metsaluige\/\" \/>\n<meta property=\"article:modified_time\" content=\"2025-09-29T13:21:42+00:00\" \/>\n<meta name=\"twitter:card\" content=\"summary_large_image\" \/>\n<meta name=\"twitter:label1\" content=\"Est. reading time\" \/>\n\t<meta name=\"twitter:data1\" content=\"4 minutes\" \/>\n<script type=\"application\/ld+json\" class=\"yoast-schema-graph\">{\"@context\":\"https:\\\/\\\/schema.org\",\"@graph\":[{\"@type\":\"WebPage\",\"@id\":\"https:\\\/\\\/metsaluige.ee\\\/en\\\/for-caravans\\\/\",\"url\":\"https:\\\/\\\/metsaluige.ee\\\/en\\\/for-caravans\\\/\",\"name\":\"For caravans &#8211; Metsaluige Turismitalu ja karavanipark\",\"isPartOf\":{\"@id\":\"https:\\\/\\\/www.metsaluige.ee\\\/en\\\/#website\"},\"datePublished\":\"2020-06-11T07:52:04+00:00\",\"dateModified\":\"2025-09-29T13:21:42+00:00\",\"description\":\"The Metsaluige caravans park has grass covered caravan pitches for up to 80 caravans. Spacious caravan pitches with electrical supply.\",\"breadcrumb\":{\"@id\":\"https:\\\/\\\/metsaluige.ee\\\/en\\\/for-caravans\\\/#breadcrumb\"},\"inLanguage\":\"en-US\",\"potentialAction\":[{\"@type\":\"ReadAction\",\"target\":[\"https:\\\/\\\/metsaluige.ee\\\/en\\\/for-caravans\\\/\"]}]},{\"@type\":\"BreadcrumbList\",\"@id\":\"https:\\\/\\\/metsaluige.ee\\\/en\\\/for-caravans\\\/#breadcrumb\",\"itemListElement\":[{\"@type\":\"ListItem\",\"position\":1,\"name\":\"Avaleht\",\"item\":\"https:\\\/\\\/metsaluige.ee\\\/en\\\/\"},{\"@type\":\"ListItem\",\"position\":2,\"name\":\"For caravans\"}]},{\"@type\":\"WebSite\",\"@id\":\"https:\\\/\\\/www.metsaluige.ee\\\/en\\\/#website\",\"url\":\"https:\\\/\\\/www.metsaluige.ee\\\/en\\\/\",\"name\":\"Metsaluige Turismitalu ja karavanipark\",\"description\":\"Puhkus mere \u00e4\u00e4res P\u00e4rnumaal\",\"publisher\":{\"@id\":\"https:\\\/\\\/www.metsaluige.ee\\\/en\\\/#organization\"},\"potentialAction\":[{\"@type\":\"SearchAction\",\"target\":{\"@type\":\"EntryPoint\",\"urlTemplate\":\"https:\\\/\\\/www.metsaluige.ee\\\/en\\\/?s={search_term_string}\"},\"query-input\":{\"@type\":\"PropertyValueSpecification\",\"valueRequired\":true,\"valueName\":\"search_term_string\"}}],\"inLanguage\":\"en-US\"},{\"@type\":\"Organization\",\"@id\":\"https:\\\/\\\/www.metsaluige.ee\\\/en\\\/#organization\",\"name\":\"Metsaluige k\u00e4mping ja karavanipark\",\"url\":\"https:\\\/\\\/www.metsaluige.ee\\\/en\\\/\",\"logo\":{\"@type\":\"ImageObject\",\"inLanguage\":\"en-US\",\"@id\":\"https:\\\/\\\/www.metsaluige.ee\\\/en\\\/#\\\/schema\\\/logo\\\/image\\\/\",\"url\":\"https:\\\/\\\/metsaluige.ee\\\/wp-content\\\/uploads\\\/2020\\\/06\\\/luik.png\",\"contentUrl\":\"https:\\\/\\\/metsaluige.ee\\\/wp-content\\\/uploads\\\/2020\\\/06\\\/luik.png\",\"width\":1920,\"height\":1239,\"caption\":\"Metsaluige k\u00e4mping ja karavanipark\"},\"image\":{\"@id\":\"https:\\\/\\\/www.metsaluige.ee\\\/en\\\/#\\\/schema\\\/logo\\\/image\\\/\"},\"sameAs\":[\"https:\\\/\\\/www.facebook.com\\\/metsaluige\\\/\"]}]}<\/script>\n<!-- \/ Yoast SEO plugin. -->","yoast_head_json":{"title":"For caravans &#8211; Metsaluige Turismitalu ja karavanipark","description":"The Metsaluige caravans park has grass covered caravan pitches for up to 80 caravans. Spacious caravan pitches with electrical supply.","robots":{"index":"index","follow":"follow","max-snippet":"max-snippet:-1","max-image-preview":"max-image-preview:large","max-video-preview":"max-video-preview:-1"},"canonical":"https:\/\/metsaluige.ee\/en\/for-caravans\/","og_locale":"en_US","og_type":"article","og_title":"For caravans &#8211; Metsaluige Turismitalu ja karavanipark","og_description":"The Metsaluige caravans park has grass covered caravan pitches for up to 80 caravans. Spacious caravan pitches with electrical supply.","og_url":"https:\/\/metsaluige.ee\/en\/for-caravans\/","og_site_name":"Metsaluige Turismitalu ja karavanipark","article_publisher":"https:\/\/www.facebook.com\/metsaluige\/","article_modified_time":"2025-09-29T13:21:42+00:00","twitter_card":"summary_large_image","twitter_misc":{"Est. reading time":"4 minutes"},"schema":{"@context":"https:\/\/schema.org","@graph":[{"@type":"WebPage","@id":"https:\/\/metsaluige.ee\/en\/for-caravans\/","url":"https:\/\/metsaluige.ee\/en\/for-caravans\/","name":"For caravans &#8211; Metsaluige Turismitalu ja karavanipark","isPartOf":{"@id":"https:\/\/www.metsaluige.ee\/en\/#website"},"datePublished":"2020-06-11T07:52:04+00:00","dateModified":"2025-09-29T13:21:42+00:00","description":"The Metsaluige caravans park has grass covered caravan pitches for up to 80 caravans. Spacious caravan pitches with electrical supply.","breadcrumb":{"@id":"https:\/\/metsaluige.ee\/en\/for-caravans\/#breadcrumb"},"inLanguage":"en-US","potentialAction":[{"@type":"ReadAction","target":["https:\/\/metsaluige.ee\/en\/for-caravans\/"]}]},{"@type":"BreadcrumbList","@id":"https:\/\/metsaluige.ee\/en\/for-caravans\/#breadcrumb","itemListElement":[{"@type":"ListItem","position":1,"name":"Avaleht","item":"https:\/\/metsaluige.ee\/en\/"},{"@type":"ListItem","position":2,"name":"For caravans"}]},{"@type":"WebSite","@id":"https:\/\/www.metsaluige.ee\/en\/#website","url":"https:\/\/www.metsaluige.ee\/en\/","name":"Metsaluige Turismitalu ja karavanipark","description":"Puhkus mere \u00e4\u00e4res P\u00e4rnumaal","publisher":{"@id":"https:\/\/www.metsaluige.ee\/en\/#organization"},"potentialAction":[{"@type":"SearchAction","target":{"@type":"EntryPoint","urlTemplate":"https:\/\/www.metsaluige.ee\/en\/?s={search_term_string}"},"query-input":{"@type":"PropertyValueSpecification","valueRequired":true,"valueName":"search_term_string"}}],"inLanguage":"en-US"},{"@type":"Organization","@id":"https:\/\/www.metsaluige.ee\/en\/#organization","name":"Metsaluige k\u00e4mping ja karavanipark","url":"https:\/\/www.metsaluige.ee\/en\/","logo":{"@type":"ImageObject","inLanguage":"en-US","@id":"https:\/\/www.metsaluige.ee\/en\/#\/schema\/logo\/image\/","url":"https:\/\/metsaluige.ee\/wp-content\/uploads\/2020\/06\/luik.png","contentUrl":"https:\/\/metsaluige.ee\/wp-content\/uploads\/2020\/06\/luik.png","width":1920,"height":1239,"caption":"Metsaluige k\u00e4mping ja karavanipark"},"image":{"@id":"https:\/\/www.metsaluige.ee\/en\/#\/schema\/logo\/image\/"},"sameAs":["https:\/\/www.facebook.com\/metsaluige\/"]}]}},"_links":{"self":[{"href":"https:\/\/metsaluige.ee\/en\/wp-json\/wp\/v2\/pages\/355","targetHints":{"allow":["GET"]}}],"collection":[{"href":"https:\/\/metsaluige.ee\/en\/wp-json\/wp\/v2\/pages"}],"about":[{"href":"https:\/\/metsaluige.ee\/en\/wp-json\/wp\/v2\/types\/page"}],"author":[{"embeddable":true,"href":"https:\/\/metsaluige.ee\/en\/wp-json\/wp\/v2\/users\/2"}],"replies":[{"embeddable":true,"href":"https:\/\/metsaluige.ee\/en\/wp-json\/wp\/v2\/comments?post=355"}],"version-history":[{"count":5,"href":"https:\/\/metsaluige.ee\/en\/wp-json\/wp\/v2\/pages\/355\/revisions"}],"predecessor-version":[{"id":2131,"href":"https:\/\/metsaluige.ee\/en\/wp-json\/wp\/v2\/pages\/355\/revisions\/2131"}],"wp:attachment":[{"href":"https:\/\/metsaluige.ee\/en\/wp-json\/wp\/v2\/media?parent=355"}],"curies":[{"name":"wp","href":"https:\/\/api.w.org\/{rel}","templated":true}]}}