{"id":351,"date":"2020-06-11T10:23:46","date_gmt":"2020-06-11T08:23:46","guid":{"rendered":"https:\/\/metsaluige.ee\/kontakt\/"},"modified":"2021-04-08T09:12:10","modified_gmt":"2021-04-08T07:12:10","slug":"contact","status":"publish","type":"page","link":"https:\/\/metsaluige.ee\/en\/contact\/","title":{"rendered":"Contact"},"content":{"rendered":"<div class=\"wpb-content-wrapper\">[vc_row css=&#8221;.vc_custom_1591860748818{padding-top: 3rem !important;padding-bottom: 3rem !important;}&#8221;][vc_column width=&#8221;1\/2&#8243;][vc_acf field_group=&#8221;98&#8243; field_from_98=&#8221;field_5ee1ea377862e&#8221; el_class=&#8221;contact-area&#8221;][\/vc_column][vc_column width=&#8221;1\/2&#8243;]\n<div class=\"wpcf7 no-js\" id=\"wpcf7-f353-o1\" lang=\"en-US\" dir=\"ltr\" data-wpcf7-id=\"353\">\n<div class=\"screen-reader-response\"><p role=\"status\" aria-live=\"polite\" aria-atomic=\"true\"><\/p> <ul><\/ul><\/div>\n<form action=\"\/en\/wp-json\/wp\/v2\/pages\/351#wpcf7-f353-o1\" method=\"post\" class=\"wpcf7-form init\" aria-label=\"Contact form\" novalidate=\"novalidate\" data-status=\"init\">\n<fieldset class=\"hidden-fields-container\"><input type=\"hidden\" name=\"_wpcf7\" value=\"353\" \/><input type=\"hidden\" name=\"_wpcf7_version\" value=\"6.1.5\" \/><input type=\"hidden\" name=\"_wpcf7_locale\" value=\"en_US\" \/><input type=\"hidden\" name=\"_wpcf7_unit_tag\" value=\"wpcf7-f353-o1\" \/><input type=\"hidden\" name=\"_wpcf7_container_post\" value=\"0\" \/><input type=\"hidden\" name=\"_wpcf7_posted_data_hash\" value=\"\" \/><input type=\"hidden\" name=\"_wpcf7_recaptcha_response\" value=\"\" \/>\n<\/fieldset>\n<p><label> Name<br \/>\n<span class=\"wpcf7-form-control-wrap\" data-name=\"nimi\"><input size=\"40\" maxlength=\"400\" class=\"wpcf7-form-control wpcf7-text wpcf7-validates-as-required\" aria-required=\"true\" aria-invalid=\"false\" value=\"\" type=\"text\" name=\"nimi\" \/><\/span> <\/label>\n<\/p>\n<p><label> Email address<br \/>\n<span class=\"wpcf7-form-control-wrap\" data-name=\"email\"><input size=\"40\" maxlength=\"400\" class=\"wpcf7-form-control wpcf7-email wpcf7-validates-as-required wpcf7-text wpcf7-validates-as-email\" aria-required=\"true\" aria-invalid=\"false\" value=\"\" type=\"email\" name=\"email\" \/><\/span> <\/label>\n<\/p>\n<p><label> Phone<br \/>\n<span class=\"wpcf7-form-control-wrap\" data-name=\"telefon\"><input size=\"40\" maxlength=\"400\" class=\"wpcf7-form-control wpcf7-text\" aria-invalid=\"false\" value=\"\" type=\"text\" name=\"telefon\" \/><\/span> <\/label>\n<\/p>\n<p><label> Message<br \/>\n<span class=\"wpcf7-form-control-wrap\" data-name=\"sisu\"><textarea cols=\"40\" rows=\"10\" maxlength=\"2000\" class=\"wpcf7-form-control wpcf7-textarea\" aria-invalid=\"false\" name=\"sisu\"><\/textarea><\/span> <\/label>\n<\/p>\n<p><input class=\"wpcf7-form-control wpcf7-submit has-spinner\" type=\"submit\" value=\"Send letter\" \/>\n<\/p><div class=\"wpcf7-response-output\" aria-hidden=\"true\"><\/div>\n<\/form>\n<\/div>\n[\/vc_column][\/vc_row][vc_row fullwidth=&#8221;true&#8221; el_class=&#8221;google-maps&#8221;][vc_column][vc_raw_html]JTNDaWZyYW1lJTIwc3JjJTNEJTIyaHR0cHMlM0ElMkYlMkZ3d3cuZ29vZ2xlLmNvbSUyRm1hcHMlMkZlbWJlZCUzRnBiJTNEJTIxMW0xOCUyMTFtMTIlMjExbTMlMjExZDIxMTQuNzE2MDg0OTM3MjM2MiUyMTJkMjQuNDIwMTEzNjE2MTUzMzMzJTIxM2Q1Ny45OTI2NDIxMjQ1MDU2MSUyMTJtMyUyMTFmMCUyMTJmMCUyMTNmMCUyMTNtMiUyMTFpMTAyNCUyMTJpNzY4JTIxNGYxMy4xJTIxM20zJTIxMW0yJTIxMXMweDQ2ZWM0NWI0ZTZhMmZlM2YlMjUzQTB4OTA2NWMxMWYxNGU1YmYxYSUyMTJzTWV0c2FsdWlnZSUyNTIwY2FtcGluZyUyMTVlMCUyMTNtMiUyMTFzZW4lMjEyc2VlJTIxNHYxNTkzMTc4NDYwNTc0JTIxNW0yJTIxMXNlbiUyMTJzZWUlMjIlMjB3aWR0aCUzRCUyMjEwMCUyNSUyMiUyMGhlaWdodCUzRCUyMjQ1MCUyMiUyMGZyYW1lYm9yZGVyJTNEJTIyMCUyMiUyMHN0eWxlJTNEJTIyYm9yZGVyJTNBMCUzQiUyMiUyMGFsbG93ZnVsbHNjcmVlbiUzRCUyMiUyMiUyMGFyaWEtaGlkZGVuJTNEJTIyZmFsc2UlMjIlMjB0YWJpbmRleCUzRCUyMjAlMjIlM0UlM0MlMkZpZnJhbWUlM0U=[\/vc_raw_html][\/vc_column][\/vc_row]\n<\/div>","protected":false},"excerpt":{"rendered":"<p>[vc_row css=&#8221;.vc_custom_1591860748818{padding-top: 3rem !important;padding-bottom: 3rem !important;}&#8221;][vc_column width=&#8221;1\/2&#8243;][vc_acf field_group=&#8221;98&#8243; field_from_98=&#8221;field_5ee1ea377862e&#8221; el_class=&#8221;contact-area&#8221;][\/vc_column][vc_column width=&#8221;1\/2&#8243;][\/vc_column][\/vc_row][vc_row fullwidth=&#8221;true&#8221; el_class=&#8221;google-maps&#8221;][vc_column][vc_raw_html]JTNDaWZyYW1lJTIwc3JjJTNEJTIyaHR0cHMlM0ElMkYlMkZ3d3cuZ29vZ2xlLmNvbSUyRm1hcHMlMkZlbWJlZCUzRnBiJTNEJTIxMW0xOCUyMTFtMTIlMjExbTMlMjExZDIxMTQuNzE2MDg0OTM3MjM2MiUyMTJkMjQuNDIwMTEzNjE2MTUzMzMzJTIxM2Q1Ny45OTI2NDIxMjQ1MDU2MSUyMTJtMyUyMTFmMCUyMTJmMCUyMTNmMCUyMTNtMiUyMTFpMTAyNCUyMTJpNzY4JTIxNGYxMy4xJTIxM20zJTIxMW0yJTIxMXMweDQ2ZWM0NWI0ZTZhMmZlM2YlMjUzQTB4OTA2NWMxMWYxNGU1YmYxYSUyMTJzTWV0c2FsdWlnZSUyNTIwY2FtcGluZyUyMTVlMCUyMTNtMiUyMTFzZW4lMjEyc2VlJTIxNHYxNTkzMTc4NDYwNTc0JTIxNW0yJTIxMXNlbiUyMTJzZWUlMjIlMjB3aWR0aCUzRCUyMjEwMCUyNSUyMiUyMGhlaWdodCUzRCUyMjQ1MCUyMiUyMGZyYW1lYm9yZGVyJTNEJTIyMCUyMiUyMHN0eWxlJTNEJTIyYm9yZGVyJTNBMCUzQiUyMiUyMGFsbG93ZnVsbHNjcmVlbiUzRCUyMiUyMiUyMGFyaWEtaGlkZGVuJTNEJTIyZmFsc2UlMjIlMjB0YWJpbmRleCUzRCUyMjAlMjIlM0UlM0MlMkZpZnJhbWUlM0U=[\/vc_raw_html][\/vc_column][\/vc_row]<\/p>\n","protected":false},"author":2,"featured_media":0,"parent":0,"menu_order":0,"comment_status":"closed","ping_status":"closed","template":"","meta":{"_acf_changed":false,"rs_blank_template":"","rs_page_bg_color":"","slide_template_v7":"","_monsterinsights_skip_tracking":false,"_monsterinsights_sitenote_active":false,"_monsterinsights_sitenote_note":"","_monsterinsights_sitenote_category":0,"footnotes":""},"class_list":["post-351","page","type-page","status-publish","hentry"],"acf":[],"yoast_head":"<!-- This site is optimized with the Yoast SEO plugin v27.4 - https:\/\/yoast.com\/product\/yoast-seo-wordpress\/ -->\n<title>Contact &#8211; Metsaluige Turismitalu ja karavanipark<\/title>\n<meta name=\"description\" content=\"We are located by the sea near Kabli village, just off the Tallinn\u2013Riga highway. Contact us by phone or email and book your holiday today!\" \/>\n<meta name=\"robots\" content=\"index, follow, max-snippet:-1, max-image-preview:large, max-video-preview:-1\" \/>\n<link rel=\"canonical\" href=\"https:\/\/metsaluige.ee\/en\/contact\/\" \/>\n<meta property=\"og:locale\" content=\"en_US\" \/>\n<meta property=\"og:type\" content=\"article\" \/>\n<meta property=\"og:title\" content=\"Contact &#8211; Metsaluige Turismitalu ja karavanipark\" \/>\n<meta property=\"og:description\" content=\"We are located by the sea near Kabli village, just off the Tallinn\u2013Riga highway. Contact us by phone or email and book your holiday today!\" \/>\n<meta property=\"og:url\" content=\"https:\/\/metsaluige.ee\/en\/contact\/\" \/>\n<meta property=\"og:site_name\" content=\"Metsaluige Turismitalu ja karavanipark\" \/>\n<meta property=\"article:publisher\" content=\"https:\/\/www.facebook.com\/metsaluige\/\" \/>\n<meta property=\"article:modified_time\" content=\"2021-04-08T07:12:10+00:00\" \/>\n<meta name=\"twitter:card\" content=\"summary_large_image\" \/>\n<meta name=\"twitter:label1\" content=\"Est. reading time\" \/>\n\t<meta name=\"twitter:data1\" content=\"1 minute\" \/>\n<script type=\"application\/ld+json\" class=\"yoast-schema-graph\">{\"@context\":\"https:\\\/\\\/schema.org\",\"@graph\":[{\"@type\":\"WebPage\",\"@id\":\"https:\\\/\\\/metsaluige.ee\\\/en\\\/contact\\\/\",\"url\":\"https:\\\/\\\/metsaluige.ee\\\/en\\\/contact\\\/\",\"name\":\"Contact &#8211; Metsaluige Turismitalu ja karavanipark\",\"isPartOf\":{\"@id\":\"https:\\\/\\\/www.metsaluige.ee\\\/en\\\/#website\"},\"datePublished\":\"2020-06-11T08:23:46+00:00\",\"dateModified\":\"2021-04-08T07:12:10+00:00\",\"description\":\"We are located by the sea near Kabli village, just off the Tallinn\u2013Riga highway. Contact us by phone or email and book your holiday today!\",\"breadcrumb\":{\"@id\":\"https:\\\/\\\/metsaluige.ee\\\/en\\\/contact\\\/#breadcrumb\"},\"inLanguage\":\"en-US\",\"potentialAction\":[{\"@type\":\"ReadAction\",\"target\":[\"https:\\\/\\\/metsaluige.ee\\\/en\\\/contact\\\/\"]}]},{\"@type\":\"BreadcrumbList\",\"@id\":\"https:\\\/\\\/metsaluige.ee\\\/en\\\/contact\\\/#breadcrumb\",\"itemListElement\":[{\"@type\":\"ListItem\",\"position\":1,\"name\":\"Avaleht\",\"item\":\"https:\\\/\\\/metsaluige.ee\\\/en\\\/\"},{\"@type\":\"ListItem\",\"position\":2,\"name\":\"Contact\"}]},{\"@type\":\"WebSite\",\"@id\":\"https:\\\/\\\/www.metsaluige.ee\\\/en\\\/#website\",\"url\":\"https:\\\/\\\/www.metsaluige.ee\\\/en\\\/\",\"name\":\"Metsaluige Turismitalu ja karavanipark\",\"description\":\"Puhkus mere \u00e4\u00e4res P\u00e4rnumaal\",\"publisher\":{\"@id\":\"https:\\\/\\\/www.metsaluige.ee\\\/en\\\/#organization\"},\"potentialAction\":[{\"@type\":\"SearchAction\",\"target\":{\"@type\":\"EntryPoint\",\"urlTemplate\":\"https:\\\/\\\/www.metsaluige.ee\\\/en\\\/?s={search_term_string}\"},\"query-input\":{\"@type\":\"PropertyValueSpecification\",\"valueRequired\":true,\"valueName\":\"search_term_string\"}}],\"inLanguage\":\"en-US\"},{\"@type\":\"Organization\",\"@id\":\"https:\\\/\\\/www.metsaluige.ee\\\/en\\\/#organization\",\"name\":\"Metsaluige k\u00e4mping ja karavanipark\",\"url\":\"https:\\\/\\\/www.metsaluige.ee\\\/en\\\/\",\"logo\":{\"@type\":\"ImageObject\",\"inLanguage\":\"en-US\",\"@id\":\"https:\\\/\\\/www.metsaluige.ee\\\/en\\\/#\\\/schema\\\/logo\\\/image\\\/\",\"url\":\"https:\\\/\\\/metsaluige.ee\\\/wp-content\\\/uploads\\\/2020\\\/06\\\/luik.png\",\"contentUrl\":\"https:\\\/\\\/metsaluige.ee\\\/wp-content\\\/uploads\\\/2020\\\/06\\\/luik.png\",\"width\":1920,\"height\":1239,\"caption\":\"Metsaluige k\u00e4mping ja karavanipark\"},\"image\":{\"@id\":\"https:\\\/\\\/www.metsaluige.ee\\\/en\\\/#\\\/schema\\\/logo\\\/image\\\/\"},\"sameAs\":[\"https:\\\/\\\/www.facebook.com\\\/metsaluige\\\/\"]}]}<\/script>\n<!-- \/ Yoast SEO plugin. -->","yoast_head_json":{"title":"Contact &#8211; Metsaluige Turismitalu ja karavanipark","description":"We are located by the sea near Kabli village, just off the Tallinn\u2013Riga highway. Contact us by phone or email and book your holiday today!","robots":{"index":"index","follow":"follow","max-snippet":"max-snippet:-1","max-image-preview":"max-image-preview:large","max-video-preview":"max-video-preview:-1"},"canonical":"https:\/\/metsaluige.ee\/en\/contact\/","og_locale":"en_US","og_type":"article","og_title":"Contact &#8211; Metsaluige Turismitalu ja karavanipark","og_description":"We are located by the sea near Kabli village, just off the Tallinn\u2013Riga highway. Contact us by phone or email and book your holiday today!","og_url":"https:\/\/metsaluige.ee\/en\/contact\/","og_site_name":"Metsaluige Turismitalu ja karavanipark","article_publisher":"https:\/\/www.facebook.com\/metsaluige\/","article_modified_time":"2021-04-08T07:12:10+00:00","twitter_card":"summary_large_image","twitter_misc":{"Est. reading time":"1 minute"},"schema":{"@context":"https:\/\/schema.org","@graph":[{"@type":"WebPage","@id":"https:\/\/metsaluige.ee\/en\/contact\/","url":"https:\/\/metsaluige.ee\/en\/contact\/","name":"Contact &#8211; Metsaluige Turismitalu ja karavanipark","isPartOf":{"@id":"https:\/\/www.metsaluige.ee\/en\/#website"},"datePublished":"2020-06-11T08:23:46+00:00","dateModified":"2021-04-08T07:12:10+00:00","description":"We are located by the sea near Kabli village, just off the Tallinn\u2013Riga highway. Contact us by phone or email and book your holiday today!","breadcrumb":{"@id":"https:\/\/metsaluige.ee\/en\/contact\/#breadcrumb"},"inLanguage":"en-US","potentialAction":[{"@type":"ReadAction","target":["https:\/\/metsaluige.ee\/en\/contact\/"]}]},{"@type":"BreadcrumbList","@id":"https:\/\/metsaluige.ee\/en\/contact\/#breadcrumb","itemListElement":[{"@type":"ListItem","position":1,"name":"Avaleht","item":"https:\/\/metsaluige.ee\/en\/"},{"@type":"ListItem","position":2,"name":"Contact"}]},{"@type":"WebSite","@id":"https:\/\/www.metsaluige.ee\/en\/#website","url":"https:\/\/www.metsaluige.ee\/en\/","name":"Metsaluige Turismitalu ja karavanipark","description":"Puhkus mere \u00e4\u00e4res P\u00e4rnumaal","publisher":{"@id":"https:\/\/www.metsaluige.ee\/en\/#organization"},"potentialAction":[{"@type":"SearchAction","target":{"@type":"EntryPoint","urlTemplate":"https:\/\/www.metsaluige.ee\/en\/?s={search_term_string}"},"query-input":{"@type":"PropertyValueSpecification","valueRequired":true,"valueName":"search_term_string"}}],"inLanguage":"en-US"},{"@type":"Organization","@id":"https:\/\/www.metsaluige.ee\/en\/#organization","name":"Metsaluige k\u00e4mping ja karavanipark","url":"https:\/\/www.metsaluige.ee\/en\/","logo":{"@type":"ImageObject","inLanguage":"en-US","@id":"https:\/\/www.metsaluige.ee\/en\/#\/schema\/logo\/image\/","url":"https:\/\/metsaluige.ee\/wp-content\/uploads\/2020\/06\/luik.png","contentUrl":"https:\/\/metsaluige.ee\/wp-content\/uploads\/2020\/06\/luik.png","width":1920,"height":1239,"caption":"Metsaluige k\u00e4mping ja karavanipark"},"image":{"@id":"https:\/\/www.metsaluige.ee\/en\/#\/schema\/logo\/image\/"},"sameAs":["https:\/\/www.facebook.com\/metsaluige\/"]}]}},"_links":{"self":[{"href":"https:\/\/metsaluige.ee\/en\/wp-json\/wp\/v2\/pages\/351","targetHints":{"allow":["GET"]}}],"collection":[{"href":"https:\/\/metsaluige.ee\/en\/wp-json\/wp\/v2\/pages"}],"about":[{"href":"https:\/\/metsaluige.ee\/en\/wp-json\/wp\/v2\/types\/page"}],"author":[{"embeddable":true,"href":"https:\/\/metsaluige.ee\/en\/wp-json\/wp\/v2\/users\/2"}],"replies":[{"embeddable":true,"href":"https:\/\/metsaluige.ee\/en\/wp-json\/wp\/v2\/comments?post=351"}],"version-history":[{"count":5,"href":"https:\/\/metsaluige.ee\/en\/wp-json\/wp\/v2\/pages\/351\/revisions"}],"predecessor-version":[{"id":1925,"href":"https:\/\/metsaluige.ee\/en\/wp-json\/wp\/v2\/pages\/351\/revisions\/1925"}],"wp:attachment":[{"href":"https:\/\/metsaluige.ee\/en\/wp-json\/wp\/v2\/media?parent=351"}],"curies":[{"name":"wp","href":"https:\/\/api.w.org\/{rel}","templated":true}]}}