{"id":1219,"date":"2022-08-17T10:41:05","date_gmt":"2022-08-17T08:41:05","guid":{"rendered":"https:\/\/metsaluige.ee\/?page_id=1219"},"modified":"2025-07-10T14:20:24","modified_gmt":"2025-07-10T12:20:24","slug":"accommodation","status":"publish","type":"page","link":"https:\/\/metsaluige.ee\/en\/accommodation\/","title":{"rendered":"Accommodation"},"content":{"rendered":"<div class=\"wpb-content-wrapper\">[vc_row][vc_column][vc_empty_space][\/vc_column][\/vc_row][vc_row][vc_column width=&#8221;1\/4&#8243;][vc_single_image image=&#8221;1913&#8243; img_size=&#8221;large&#8221; css=&#8221;&#8221;][\/vc_column][vc_column width=&#8221;3\/4&#8243;][vc_column_text css=&#8221;.vc_custom_1752138950990{margin-bottom: 0px !important;}&#8221;]\n<h1 style=\"text-align: center;\">Accommondation at Metsaluige<\/h1>\n<p style=\"text-align: center;\">Whenever you need time for yourself, in which there are pleasant being,<\/p>\n<p style=\"text-align: center;\">joy, peaceful moments and a heart-warming sundress, come to Metsaluige!<\/p>\n<p style=\"text-align: center;\">Find peace and comfort in our<strong> <a href=\"https:\/\/metsaluige.ee\/en\/accommodation\/log-house-cottages\/\" target=\"_blank\" rel=\"noopener\">log cabins<\/a><\/strong>, cozy <a href=\"https:\/\/metsaluige.ee\/en\/accommodation\/basic-cottages\/\" target=\"_blank\" rel=\"noopener\"><strong>camping houses<\/strong><\/a>, or stylish glamping tents. Each accommodation includes electricity, beds, and a private terrace \u2013 perfect for couples, families or groups of friends.<\/p>\n<p style=\"text-align: center;\">For those traveling with a <a href=\"https:\/\/metsaluige.ee\/en\/for-caravans\/\" target=\"_blank\" rel=\"noopener\"><strong>caravan<\/strong><\/a> or tent, we offer spacious and scenic spots close to nature. Caravan guests with a valid <a href=\"https:\/\/www.eurocampings.co.uk\/estonia\/kabli\/metsaluige-camping-and-caravan-park-125188\/\" target=\"_blank\" rel=\"noopener\">ACSI<\/a> card receive a 10% discount on their stay.<\/p>\n[\/vc_column_text][mk_button dimension=&#8221;double-outline&#8221; size=&#8221;medium&#8221; letter_spacing=&#8221;4&#8243; url=&#8221;https:\/\/metsaluige.ee\/en\/prices\/&#8221; target=&#8221;_blank&#8221; nofollow=&#8221;true&#8221; align=&#8221;center&#8221; margin_top=&#8221;55&#8243; margin_bottom=&#8221;55&#8243;]PRICES[\/mk_button][\/vc_column][\/vc_row][vc_row][vc_column width=&#8221;1\/4&#8243;][vc_single_image image=&#8221;1915&#8243; img_size=&#8221;large&#8221; css=&#8221;&#8221;][\/vc_column][vc_column width=&#8221;3\/4&#8243;][vc_column_text css=&#8221;.vc_custom_1752143680824{margin-bottom: 0px !important;}&#8221;]\n<h5 style=\"text-align: center;\" data-start=\"612\" data-end=\"882\"><strong data-start=\"612\" data-end=\"641\">Check-in &amp; Guest Services<\/strong><\/h5>\n<p style=\"text-align: center;\" data-start=\"612\" data-end=\"882\">All guests are welcomed at our <strong>main house<\/strong>, where check-in and information services are located. Here you\u2019ll also find our restaurant.<\/p>\n[\/vc_column_text][mk_button dimension=&#8221;double-outline&#8221; size=&#8221;medium&#8221; letter_spacing=&#8221;4&#8243; url=&#8221;https:\/\/bouk.io\/booking\/metsaluige\/454\/rooms?language=et&amp;adults=2&#8243; target=&#8221;_blank&#8221; nofollow=&#8221;true&#8221; align=&#8221;center&#8221; margin_top=&#8221;55&#8243; margin_bottom=&#8221;55&#8243;]BOOK HERE[\/mk_button][\/vc_column][\/vc_row][vc_row][vc_column width=&#8221;1\/4&#8243;][vc_single_image image=&#8221;1897&#8243; img_size=&#8221;large&#8221; css=&#8221;&#8221;][\/vc_column][vc_column width=&#8221;3\/4&#8243;][vc_column_text css=&#8221;.vc_custom_1752137672569{margin-bottom: 0px !important;}&#8221;]\n<h5 style=\"text-align: center;\" data-start=\"884\" data-end=\"1196\"><strong data-start=\"884\" data-end=\"919\">Dining at Metsaluige Restaurant<\/strong><\/h5>\n<p style=\"text-align: center;\" data-start=\"884\" data-end=\"1196\"><br data-start=\"919\" data-end=\"922\" \/>Enjoy fresh, home-style meals made with seasonal ingredients in our charming log-style <strong data-start=\"1009\" data-end=\"1023\">restaurant<\/strong>. With seating for up to 24 guests indoors, 20 on the glass-walled terrace, and 25 on the outdoor patio, it&#8217;s the perfect place for breakfast, lunch, or a cozy evening meal.<\/p>\n[\/vc_column_text][mk_button dimension=&#8221;double-outline&#8221; size=&#8221;medium&#8221; letter_spacing=&#8221;4&#8243; url=&#8221;https:\/\/metsaluige.ee\/en\/cafe-restaurant\/&#8221; target=&#8221;_blank&#8221; nofollow=&#8221;true&#8221; align=&#8221;center&#8221; margin_top=&#8221;55&#8243; margin_bottom=&#8221;55&#8243;]CAFE &#8211; RESTAURANT[\/mk_button][\/vc_column][\/vc_row][vc_row][vc_column width=&#8221;1\/4&#8243;][vc_single_image image=&#8221;1907&#8243; img_size=&#8221;large&#8221; css=&#8221;&#8221;][\/vc_column][vc_column width=&#8221;3\/4&#8243;][vc_column_text css=&#8221;.vc_custom_1752137711359{margin-bottom: 0px !important;}&#8221;]\n<h5 style=\"text-align: center;\" data-start=\"1198\" data-end=\"1503\"><strong data-start=\"1198\" data-end=\"1228\">Relaxation &amp; Entertainment<\/strong><\/h5>\n<p style=\"text-align: center;\" data-start=\"1198\" data-end=\"1503\"><br data-start=\"1228\" data-end=\"1231\" \/>Whether you want to unwind in the <strong data-start=\"1265\" data-end=\"1274\">sauna<\/strong>, take a refreshing dip in the <strong data-start=\"1305\" data-end=\"1313\">pool<\/strong>, or soak under the stars in the <strong data-start=\"1346\" data-end=\"1357\">hot tub<\/strong>, Metsaluige has it all. Larger events such as weddings, company retreats, or summer celebrations can be catered and hosted at our <strong data-start=\"1488\" data-end=\"1502\">Event Hall<\/strong>.<\/p>\n<p style=\"text-align: center;\" data-start=\"1505\" data-end=\"1605\">Let the warm atmosphere and natural beauty of Metsaluige carry you into your most memorable moments.<\/p>\n[\/vc_column_text][mk_button dimension=&#8221;double-outline&#8221; size=&#8221;medium&#8221; letter_spacing=&#8221;4&#8243; url=&#8221;https:\/\/metsaluige.ee\/en\/gallery\/&#8221; target=&#8221;_blank&#8221; nofollow=&#8221;true&#8221; align=&#8221;center&#8221; margin_top=&#8221;55&#8243; margin_bottom=&#8221;55&#8243;]GALLERY[\/mk_button][\/vc_column][\/vc_row][vc_row][vc_column width=&#8221;1\/3&#8243;][mk_image src=&#8221;https:\/\/metsaluige.ee\/wp-content\/uploads\/2022\/04\/p1611653-2-1-scaled.jpg&#8221; image_height=&#8221;500&#8243;][\/vc_column][vc_column width=&#8221;1\/3&#8243;][mk_image src=&#8221;https:\/\/metsaluige.ee\/wp-content\/uploads\/2022\/08\/terrace-log-house-visit-estonia-copy-scaled.jpg&#8221; image_height=&#8221;500&#8243;][\/vc_column][vc_column width=&#8221;1\/3&#8243;][mk_image src=&#8221;https:\/\/metsaluige.ee\/wp-content\/uploads\/2022\/03\/holiday-log-house-visit-estonia.jpg&#8221; image_height=&#8221;500&#8243;][\/vc_column][\/vc_row]\n<\/div>","protected":false},"excerpt":{"rendered":"<p>[vc_row][vc_column][vc_empty_space][\/vc_column][\/vc_row][vc_row][vc_column width=&#8221;1\/4&#8243;][vc_single_image image=&#8221;1913&#8243; img_size=&#8221;large&#8221; css=&#8221;&#8221;][\/vc_column][vc_column width=&#8221;3\/4&#8243;][vc_column_text css=&#8221;.vc_custom_1752138950990{margin-bottom: 0px !important;}&#8221;] Accommondation at Metsaluige Whenever you need time for yourself, in which there are pleasant being, joy, peaceful moments and a heart-warming sundress, come to Metsaluige! Find peace and comfort in our log cabins, cozy camping houses, or stylish glamping tents. Each accommodation includes electricity, beds, and [&hellip;]<\/p>\n","protected":false},"author":2,"featured_media":0,"parent":0,"menu_order":0,"comment_status":"closed","ping_status":"closed","template":"","meta":{"_acf_changed":false,"rs_blank_template":"","rs_page_bg_color":"","slide_template_v7":"","_monsterinsights_skip_tracking":false,"_monsterinsights_sitenote_active":false,"_monsterinsights_sitenote_note":"","_monsterinsights_sitenote_category":0,"footnotes":""},"class_list":["post-1219","page","type-page","status-publish","hentry"],"acf":[],"yoast_head":"<!-- This site is optimized with the Yoast SEO plugin v27.3 - https:\/\/yoast.com\/product\/yoast-seo-wordpress\/ -->\n<title>Accommodation &#8211; Metsaluige Turismitalu ja karavanipark<\/title>\n<meta name=\"description\" content=\"Accomondation at Metsaluige: cozy log cabins, camping huts, stylish glamping tents. Places for caravans and tents - near the sea and forest.\" \/>\n<meta name=\"robots\" content=\"index, follow, max-snippet:-1, max-image-preview:large, max-video-preview:-1\" \/>\n<link rel=\"canonical\" href=\"https:\/\/metsaluige.ee\/en\/accommodation\/\" \/>\n<meta property=\"og:locale\" content=\"en_US\" \/>\n<meta property=\"og:type\" content=\"article\" \/>\n<meta property=\"og:title\" content=\"Accommodation &#8211; Metsaluige Turismitalu ja karavanipark\" \/>\n<meta property=\"og:description\" content=\"Accomondation at Metsaluige: cozy log cabins, camping huts, stylish glamping tents. Places for caravans and tents - near the sea and forest.\" \/>\n<meta property=\"og:url\" content=\"https:\/\/metsaluige.ee\/en\/accommodation\/\" \/>\n<meta property=\"og:site_name\" content=\"Metsaluige Turismitalu ja karavanipark\" \/>\n<meta property=\"article:publisher\" content=\"https:\/\/www.facebook.com\/metsaluige\/\" \/>\n<meta property=\"article:modified_time\" content=\"2025-07-10T12:20:24+00:00\" \/>\n<meta name=\"twitter:card\" content=\"summary_large_image\" \/>\n<meta name=\"twitter:label1\" content=\"Est. reading time\" \/>\n\t<meta name=\"twitter:data1\" content=\"3 minutes\" \/>\n<script type=\"application\/ld+json\" class=\"yoast-schema-graph\">{\"@context\":\"https:\\\/\\\/schema.org\",\"@graph\":[{\"@type\":\"WebPage\",\"@id\":\"https:\\\/\\\/metsaluige.ee\\\/en\\\/accommodation\\\/\",\"url\":\"https:\\\/\\\/metsaluige.ee\\\/en\\\/accommodation\\\/\",\"name\":\"Accommodation &#8211; Metsaluige Turismitalu ja karavanipark\",\"isPartOf\":{\"@id\":\"https:\\\/\\\/www.metsaluige.ee\\\/en\\\/#website\"},\"datePublished\":\"2022-08-17T08:41:05+00:00\",\"dateModified\":\"2025-07-10T12:20:24+00:00\",\"description\":\"Accomondation at Metsaluige: cozy log cabins, camping huts, stylish glamping tents. Places for caravans and tents - near the sea and forest.\",\"breadcrumb\":{\"@id\":\"https:\\\/\\\/metsaluige.ee\\\/en\\\/accommodation\\\/#breadcrumb\"},\"inLanguage\":\"en-US\",\"potentialAction\":[{\"@type\":\"ReadAction\",\"target\":[\"https:\\\/\\\/metsaluige.ee\\\/en\\\/accommodation\\\/\"]}]},{\"@type\":\"BreadcrumbList\",\"@id\":\"https:\\\/\\\/metsaluige.ee\\\/en\\\/accommodation\\\/#breadcrumb\",\"itemListElement\":[{\"@type\":\"ListItem\",\"position\":1,\"name\":\"Avaleht\",\"item\":\"https:\\\/\\\/www.metsaluige.ee\\\/en\\\/\"},{\"@type\":\"ListItem\",\"position\":2,\"name\":\"Accommodation\"}]},{\"@type\":\"WebSite\",\"@id\":\"https:\\\/\\\/www.metsaluige.ee\\\/en\\\/#website\",\"url\":\"https:\\\/\\\/www.metsaluige.ee\\\/en\\\/\",\"name\":\"Metsaluige Turismitalu ja karavanipark\",\"description\":\"Puhkus mere \u00e4\u00e4res P\u00e4rnumaal\",\"publisher\":{\"@id\":\"https:\\\/\\\/www.metsaluige.ee\\\/en\\\/#organization\"},\"potentialAction\":[{\"@type\":\"SearchAction\",\"target\":{\"@type\":\"EntryPoint\",\"urlTemplate\":\"https:\\\/\\\/www.metsaluige.ee\\\/en\\\/?s={search_term_string}\"},\"query-input\":{\"@type\":\"PropertyValueSpecification\",\"valueRequired\":true,\"valueName\":\"search_term_string\"}}],\"inLanguage\":\"en-US\"},{\"@type\":\"Organization\",\"@id\":\"https:\\\/\\\/www.metsaluige.ee\\\/en\\\/#organization\",\"name\":\"Metsaluige k\u00e4mping ja karavanipark\",\"url\":\"https:\\\/\\\/www.metsaluige.ee\\\/en\\\/\",\"logo\":{\"@type\":\"ImageObject\",\"inLanguage\":\"en-US\",\"@id\":\"https:\\\/\\\/www.metsaluige.ee\\\/en\\\/#\\\/schema\\\/logo\\\/image\\\/\",\"url\":\"https:\\\/\\\/metsaluige.ee\\\/wp-content\\\/uploads\\\/2020\\\/06\\\/luik.png\",\"contentUrl\":\"https:\\\/\\\/metsaluige.ee\\\/wp-content\\\/uploads\\\/2020\\\/06\\\/luik.png\",\"width\":1920,\"height\":1239,\"caption\":\"Metsaluige k\u00e4mping ja karavanipark\"},\"image\":{\"@id\":\"https:\\\/\\\/www.metsaluige.ee\\\/en\\\/#\\\/schema\\\/logo\\\/image\\\/\"},\"sameAs\":[\"https:\\\/\\\/www.facebook.com\\\/metsaluige\\\/\"]}]}<\/script>\n<!-- \/ Yoast SEO plugin. -->","yoast_head_json":{"title":"Accommodation &#8211; Metsaluige Turismitalu ja karavanipark","description":"Accomondation at Metsaluige: cozy log cabins, camping huts, stylish glamping tents. Places for caravans and tents - near the sea and forest.","robots":{"index":"index","follow":"follow","max-snippet":"max-snippet:-1","max-image-preview":"max-image-preview:large","max-video-preview":"max-video-preview:-1"},"canonical":"https:\/\/metsaluige.ee\/en\/accommodation\/","og_locale":"en_US","og_type":"article","og_title":"Accommodation &#8211; Metsaluige Turismitalu ja karavanipark","og_description":"Accomondation at Metsaluige: cozy log cabins, camping huts, stylish glamping tents. Places for caravans and tents - near the sea and forest.","og_url":"https:\/\/metsaluige.ee\/en\/accommodation\/","og_site_name":"Metsaluige Turismitalu ja karavanipark","article_publisher":"https:\/\/www.facebook.com\/metsaluige\/","article_modified_time":"2025-07-10T12:20:24+00:00","twitter_card":"summary_large_image","twitter_misc":{"Est. reading time":"3 minutes"},"schema":{"@context":"https:\/\/schema.org","@graph":[{"@type":"WebPage","@id":"https:\/\/metsaluige.ee\/en\/accommodation\/","url":"https:\/\/metsaluige.ee\/en\/accommodation\/","name":"Accommodation &#8211; Metsaluige Turismitalu ja karavanipark","isPartOf":{"@id":"https:\/\/www.metsaluige.ee\/en\/#website"},"datePublished":"2022-08-17T08:41:05+00:00","dateModified":"2025-07-10T12:20:24+00:00","description":"Accomondation at Metsaluige: cozy log cabins, camping huts, stylish glamping tents. Places for caravans and tents - near the sea and forest.","breadcrumb":{"@id":"https:\/\/metsaluige.ee\/en\/accommodation\/#breadcrumb"},"inLanguage":"en-US","potentialAction":[{"@type":"ReadAction","target":["https:\/\/metsaluige.ee\/en\/accommodation\/"]}]},{"@type":"BreadcrumbList","@id":"https:\/\/metsaluige.ee\/en\/accommodation\/#breadcrumb","itemListElement":[{"@type":"ListItem","position":1,"name":"Avaleht","item":"https:\/\/www.metsaluige.ee\/en\/"},{"@type":"ListItem","position":2,"name":"Accommodation"}]},{"@type":"WebSite","@id":"https:\/\/www.metsaluige.ee\/en\/#website","url":"https:\/\/www.metsaluige.ee\/en\/","name":"Metsaluige Turismitalu ja karavanipark","description":"Puhkus mere \u00e4\u00e4res P\u00e4rnumaal","publisher":{"@id":"https:\/\/www.metsaluige.ee\/en\/#organization"},"potentialAction":[{"@type":"SearchAction","target":{"@type":"EntryPoint","urlTemplate":"https:\/\/www.metsaluige.ee\/en\/?s={search_term_string}"},"query-input":{"@type":"PropertyValueSpecification","valueRequired":true,"valueName":"search_term_string"}}],"inLanguage":"en-US"},{"@type":"Organization","@id":"https:\/\/www.metsaluige.ee\/en\/#organization","name":"Metsaluige k\u00e4mping ja karavanipark","url":"https:\/\/www.metsaluige.ee\/en\/","logo":{"@type":"ImageObject","inLanguage":"en-US","@id":"https:\/\/www.metsaluige.ee\/en\/#\/schema\/logo\/image\/","url":"https:\/\/metsaluige.ee\/wp-content\/uploads\/2020\/06\/luik.png","contentUrl":"https:\/\/metsaluige.ee\/wp-content\/uploads\/2020\/06\/luik.png","width":1920,"height":1239,"caption":"Metsaluige k\u00e4mping ja karavanipark"},"image":{"@id":"https:\/\/www.metsaluige.ee\/en\/#\/schema\/logo\/image\/"},"sameAs":["https:\/\/www.facebook.com\/metsaluige\/"]}]}},"_links":{"self":[{"href":"https:\/\/metsaluige.ee\/en\/wp-json\/wp\/v2\/pages\/1219","targetHints":{"allow":["GET"]}}],"collection":[{"href":"https:\/\/metsaluige.ee\/en\/wp-json\/wp\/v2\/pages"}],"about":[{"href":"https:\/\/metsaluige.ee\/en\/wp-json\/wp\/v2\/types\/page"}],"author":[{"embeddable":true,"href":"https:\/\/metsaluige.ee\/en\/wp-json\/wp\/v2\/users\/2"}],"replies":[{"embeddable":true,"href":"https:\/\/metsaluige.ee\/en\/wp-json\/wp\/v2\/comments?post=1219"}],"version-history":[{"count":5,"href":"https:\/\/metsaluige.ee\/en\/wp-json\/wp\/v2\/pages\/1219\/revisions"}],"predecessor-version":[{"id":1921,"href":"https:\/\/metsaluige.ee\/en\/wp-json\/wp\/v2\/pages\/1219\/revisions\/1921"}],"wp:attachment":[{"href":"https:\/\/metsaluige.ee\/en\/wp-json\/wp\/v2\/media?parent=1219"}],"curies":[{"name":"wp","href":"https:\/\/api.w.org\/{rel}","templated":true}]}}